{"id":2454,"date":"2025-10-29T18:48:42","date_gmt":"2025-10-29T17:48:42","guid":{"rendered":"https:\/\/polo-xchange.com\/?post_type=product&#038;p=2454"},"modified":"2025-10-29T18:49:41","modified_gmt":"2025-10-29T17:49:41","slug":"crna-muska-kozna-torbica-sm-013-a","status":"publish","type":"product","link":"https:\/\/polo-xchange.com\/hr\/proizvod\/crna-muska-kozna-torbica-sm-013-a\/","title":{"rendered":"CRNA MU\u0160KA KO\u017dNA TORBICA-SM.013\/A"},"content":{"rendered":"<p><strong>CRNA MU\u0160KA KO\u017dNA TORBICA-SM.013\/A<\/strong><\/p>\n<p><strong>POLO XCHANGE<\/strong> mu\u0161ka ko\u017ena torbica je elegantan i funkcionalan dodatak za svakog mu\u0161karca. Napravljena od visokokvalitetne prirodne ko\u017ee, ova torbica je dizajnirana da izdr\u017ei test vremena, a njen sofisticiran izgled omogu\u0107ava lako uskla\u0111ivanje sa razli\u010ditim stilovima. Sa prostranim unutra\u0161njim dijelom, torbica pru\u017ea dovoljno prostora za dokumente, nov\u010danik, mobilni ure\u0111aj i druge neophodne sitnice. Vanjski d\u017eepovi omogu\u0107avaju brzo i jednostavno pristupanje osnovnim stvarima. Zatvaranje je \u010desto izvedeno sa jakim patentnim zatvara\u010dem, \u0161to dodatno osigurava sigurnost sadr\u017eaja. Remen za rame je podesiv i udoban za no\u0161enje. Sa svojim bezvremenskim dizajnom i izdr\u017eljivo\u0161\u0107u, ova ko\u017ena torbica je savr\u0161en izbor za svakodnevnu upotrebu, poslovne prilike ili putovanja.<\/p>\n","protected":false},"excerpt":{"rendered":"<p><strong>POLO XCHANGE<\/strong> mu\u0161ka ko\u017ena torbica je elegantan i funkcionalan dodatak za svakog mu\u0161karca.<\/p>\n<p>Du\u017eina: 14,5 cm<br \/>\n\u0160irina: 6,0 cm<br \/>\nVisina: 20,5 cm<br \/>\nZatvaranje na vrhu: Patentni zatvara\u010d<br \/>\n1 vanjski otvoreni d\u017eep<br \/>\n2 unutarnja otvorena d\u017eepa<br \/>\nVanjski otisnuti logotip<br \/>\nPodesivi remen<\/p>\n","protected":false},"featured_media":2458,"comment_status":"open","ping_status":"closed","template":"","meta":{"_acf_changed":false},"product_cat":[37,352],"product_tag":[656,157,160,159,154,152,153,162,155,163,156,161,158],"class_list":{"0":"post-2454","1":"product","2":"type-product","3":"status-publish","4":"has-post-thumbnail","6":"product_cat-torbice","7":"product_cat-koza","8":"product_tag-crna-muska-kozna-torbica-sm-013-a","9":"product_tag-elegancija","10":"product_tag-elegantna-torba","11":"product_tag-elegantna-torbica","12":"product_tag-koza","13":"product_tag-kozna-torba","14":"product_tag-kozna-torbica","15":"product_tag-kozni-proizvod","16":"product_tag-prirodna-koza","17":"product_tag-proizvodi-od-koze","18":"product_tag-sportska-elegancija","19":"product_tag-sportska-torba","20":"product_tag-sportska-torbica","22":"first","23":"instock","24":"shipping-taxable","25":"purchasable","26":"product-type-simple","swatches":"rey-swatches","show_selected":""},"aioseo_notices":[],"acf":[],"_links":{"self":[{"href":"https:\/\/polo-xchange.com\/hr\/wp-json\/wp\/v2\/product\/2454","targetHints":{"allow":["GET"]}}],"collection":[{"href":"https:\/\/polo-xchange.com\/hr\/wp-json\/wp\/v2\/product"}],"about":[{"href":"https:\/\/polo-xchange.com\/hr\/wp-json\/wp\/v2\/types\/product"}],"replies":[{"embeddable":true,"href":"https:\/\/polo-xchange.com\/hr\/wp-json\/wp\/v2\/comments?post=2454"}],"wp:featuredmedia":[{"embeddable":true,"href":"https:\/\/polo-xchange.com\/hr\/wp-json\/wp\/v2\/media\/2458"}],"wp:attachment":[{"href":"https:\/\/polo-xchange.com\/hr\/wp-json\/wp\/v2\/media?parent=2454"}],"wp:term":[{"taxonomy":"product_cat","embeddable":true,"href":"https:\/\/polo-xchange.com\/hr\/wp-json\/wp\/v2\/product_cat?post=2454"},{"taxonomy":"product_tag","embeddable":true,"href":"https:\/\/polo-xchange.com\/hr\/wp-json\/wp\/v2\/product_tag?post=2454"}],"curies":[{"name":"wp","href":"https:\/\/api.w.org\/{rel}","templated":true}]}}