{"id":1922,"date":"2025-09-11T12:09:46","date_gmt":"2025-09-11T10:09:46","guid":{"rendered":"https:\/\/polo-xchange.com\/?post_type=product&#038;p=1922"},"modified":"2025-09-11T12:10:56","modified_gmt":"2025-09-11T10:10:56","slug":"privjesak-od-prirodne-koze-p-024","status":"publish","type":"product","link":"https:\/\/polo-xchange.com\/hr\/proizvod\/privjesak-od-prirodne-koze-p-024\/","title":{"rendered":"PRIVJESAK OD PRIRODNE KO\u017dE P.024"},"content":{"rendered":"<p><strong>PRIVJESAK OD PRIRODNE KO\u017dE P.024<\/strong><\/p>\n<p>Kombinacija elegancije i izdr\u017eljivosti dolazi u obliku na\u0161ih ru\u010dno izra\u0111enih privjesaka. Izra\u0111eni od 100% prirodne ko\u017ee i oboga\u0107eni kvalitetnim metalnim dijelovima, ovi privjesci osiguravaju izdr\u017eljivost i moderan izgled. Prirodna ko\u017ea pru\u017ea toplinu i autenti\u010dnost, dok \u010dvrsti metal dodaje da\u0161ak profinjenosti i sigurnosti. Savr\u0161eni su kao prakti\u010dan dodatak za klju\u010deve, torbu ili ruksak, a zahvaljuju\u0107i svom bezvremenskom dizajnu postaju i odli\u010dan poklon za svaku prigodu.<\/p>\n","protected":false},"excerpt":{"rendered":"<p>Kombinacija elegancije i izdr\u017eljivosti dolazi u obliku na\u0161ih ru\u010dno izra\u0111enih privjesaka. Izra\u0111eni od 100% prirodne ko\u017ee i oboga\u0107eni kvalitetnim metalnim dijelovima, ovi privjesci osiguravaju izdr\u017eljivost i moderan izgled.<\/p>\n<p>Du\u017eina: 2,0 cm<br \/>\n\u0160irina: 0,8 cm<br \/>\nVisina: 12,5 cm<br \/>\nMaterijal: 100% prirodna ko\u017ea, kvalitetan metal, tkanina<br \/>\nBoja materijala: Tamno sme\u0111a<br \/>\nOdli\u010dan poklon za svaku priliku<\/p>\n","protected":false},"featured_media":1923,"comment_status":"open","ping_status":"closed","template":"","meta":{"_acf_changed":false},"product_cat":[521],"product_tag":[157,560,559,169,53,563,155,558,561,595,156,562],"class_list":{"0":"post-1922","1":"product","2":"type-product","3":"status-publish","4":"has-post-thumbnail","6":"product_cat-privjesci","7":"product_tag-elegancija","8":"product_tag-elegantan-privjesak","9":"product_tag-kozni-privjesak","10":"product_tag-kvalitetna-koza","11":"product_tag-leather","12":"product_tag-leather-keychain","13":"product_tag-prirodna-koza","14":"product_tag-privjesak","15":"product_tag-privjesak-od-prirodne-koze","16":"product_tag-privjesak-od-prirodne-koze-p-024","17":"product_tag-sportska-elegancija","18":"product_tag-sportski-privjesak","20":"first","21":"instock","22":"shipping-taxable","23":"purchasable","24":"product-type-simple","swatches":"rey-swatches","show_selected":""},"aioseo_notices":[],"acf":[],"_links":{"self":[{"href":"https:\/\/polo-xchange.com\/hr\/wp-json\/wp\/v2\/product\/1922","targetHints":{"allow":["GET"]}}],"collection":[{"href":"https:\/\/polo-xchange.com\/hr\/wp-json\/wp\/v2\/product"}],"about":[{"href":"https:\/\/polo-xchange.com\/hr\/wp-json\/wp\/v2\/types\/product"}],"replies":[{"embeddable":true,"href":"https:\/\/polo-xchange.com\/hr\/wp-json\/wp\/v2\/comments?post=1922"}],"wp:featuredmedia":[{"embeddable":true,"href":"https:\/\/polo-xchange.com\/hr\/wp-json\/wp\/v2\/media\/1923"}],"wp:attachment":[{"href":"https:\/\/polo-xchange.com\/hr\/wp-json\/wp\/v2\/media?parent=1922"}],"wp:term":[{"taxonomy":"product_cat","embeddable":true,"href":"https:\/\/polo-xchange.com\/hr\/wp-json\/wp\/v2\/product_cat?post=1922"},{"taxonomy":"product_tag","embeddable":true,"href":"https:\/\/polo-xchange.com\/hr\/wp-json\/wp\/v2\/product_tag?post=1922"}],"curies":[{"name":"wp","href":"https:\/\/api.w.org\/{rel}","templated":true}]}}