{"id":1846,"date":"2025-09-10T12:13:37","date_gmt":"2025-09-10T10:13:37","guid":{"rendered":"https:\/\/polo-xchange.com\/?post_type=product&#038;p=1846"},"modified":"2025-09-10T12:15:46","modified_gmt":"2025-09-10T10:15:46","slug":"narukvica-od-prirodne-koze-sp-004","status":"publish","type":"product","link":"https:\/\/polo-xchange.com\/hr\/proizvod\/narukvica-od-prirodne-koze-sp-004\/","title":{"rendered":"NARUKVICA OD PRIRODNE KO\u017dE SP.004"},"content":{"rendered":"<p><strong>NARUKVICA OD PRIRODNE KO\u017dE SP.004<\/strong><\/p>\n<p>Dodajte da\u0161ak profinjenosti svom stilu ovom ru\u010dno izra\u0111enom ko\u017enom narukvicom. Izra\u0111ena od visokokvalitetne prirodne ko\u017ee, narukvica je udobna, izdr\u017eljiva i prilago\u0111ava se va\u0161em zape\u0161\u0107u zahvaljuju\u0107i podesivom zatvaranju. Bez obzira nosite li je s svakodnevnom odje\u0107om ili kao poseban detalj u ve\u010dernjem izlasku, ova narukvica daje jedinstven izgled va\u0161oj kombinaciji. Minimalisti\u010dki dizajn \u010dini je idealnim izborom za mu\u0161karce i \u017eene koji vole diskretnu, ali upe\u010datljivu eleganciju.<\/p>\n<p>&nbsp;<\/p>\n","protected":false},"excerpt":{"rendered":"<p>Dodajte da\u0161ak profinjenosti svom stilu ovom ru\u010dno izra\u0111enom ko\u017enom narukvicom. Izra\u0111ena od visokokvalitetne prirodne ko\u017ee, narukvica je udobna, izdr\u017eljiva i prilago\u0111ava se va\u0161em zape\u0161\u0107u zahvaljuju\u0107i podesivom zatvaranju.<\/p>\n<p>Materijal: 100% prirodna ko\u017ea<br \/>\nZatvaranje: Podesivom \u0161pagom<br \/>\nVeli\u010dina: Podesiva, savr\u0161eno pristaje svima<br \/>\nVanjski laserski otisnuti uzorak<br \/>\nOdli\u010dan poklon za svaku priliku<\/p>\n<p>&nbsp;<\/p>\n","protected":false},"featured_media":1847,"comment_status":"open","ping_status":"closed","template":"","meta":{"_acf_changed":false},"product_cat":[32,519],"product_tag":[157,526,154,525,53,529,524,528,552,155,549,156,527],"class_list":{"0":"post-1846","1":"product","2":"type-product","3":"status-publish","4":"has-post-thumbnail","6":"product_cat-narukvice","7":"product_cat-koza-narukvice","8":"product_tag-elegancija","9":"product_tag-elegantna-narukvica","10":"product_tag-koza","11":"product_tag-kozna-narukvica","12":"product_tag-leather","13":"product_tag-leather-bracelet","14":"product_tag-narukvica","15":"product_tag-narukvica-od-prirodne-koze","16":"product_tag-narukvica-od-prirodne-koze-sp-004","17":"product_tag-prirodna-koza","18":"product_tag-spaga","19":"product_tag-sportska-elegancija","20":"product_tag-sportska-narukvica","22":"first","23":"instock","24":"shipping-taxable","25":"purchasable","26":"product-type-simple","swatches":"rey-swatches","show_selected":""},"aioseo_notices":[],"acf":[],"_links":{"self":[{"href":"https:\/\/polo-xchange.com\/hr\/wp-json\/wp\/v2\/product\/1846","targetHints":{"allow":["GET"]}}],"collection":[{"href":"https:\/\/polo-xchange.com\/hr\/wp-json\/wp\/v2\/product"}],"about":[{"href":"https:\/\/polo-xchange.com\/hr\/wp-json\/wp\/v2\/types\/product"}],"replies":[{"embeddable":true,"href":"https:\/\/polo-xchange.com\/hr\/wp-json\/wp\/v2\/comments?post=1846"}],"wp:featuredmedia":[{"embeddable":true,"href":"https:\/\/polo-xchange.com\/hr\/wp-json\/wp\/v2\/media\/1847"}],"wp:attachment":[{"href":"https:\/\/polo-xchange.com\/hr\/wp-json\/wp\/v2\/media?parent=1846"}],"wp:term":[{"taxonomy":"product_cat","embeddable":true,"href":"https:\/\/polo-xchange.com\/hr\/wp-json\/wp\/v2\/product_cat?post=1846"},{"taxonomy":"product_tag","embeddable":true,"href":"https:\/\/polo-xchange.com\/hr\/wp-json\/wp\/v2\/product_tag?post=1846"}],"curies":[{"name":"wp","href":"https:\/\/api.w.org\/{rel}","templated":true}]}}