{"id":1744,"date":"2025-08-16T11:55:18","date_gmt":"2025-08-16T09:55:18","guid":{"rendered":"https:\/\/polo-xchange.com\/?post_type=product&#038;p=1744"},"modified":"2025-09-29T21:15:51","modified_gmt":"2025-09-29T19:15:51","slug":"mat-crni-muski-kozni-remen-kn-001-2-4","status":"publish","type":"product","link":"https:\/\/polo-xchange.com\/hr\/proizvod\/mat-crni-muski-kozni-remen-kn-001-2-4\/","title":{"rendered":"MAT CRNI MU\u0160KI KO\u017dNI REMEN KN.001-2\/4"},"content":{"rendered":"<p><strong>MAT CRNI MU\u0160KI KO\u017dNI REMEN KN.001-2\/4<\/strong><\/p>\n<p><strong>POLO XCHANGE<\/strong> remen izra\u0111en je od visokokvalitetne prirodne ko\u017ee, \u0161to mu daje izdr\u017eljivost, udobnost i luksuzan izgled. Klasi\u010dni dizajn s \u010dvrstom metalnom kop\u010dom olak\u0161ava kombiniranje s poslovnom, le\u017eernom ili sve\u010danom odje\u0107om. Svaki komad je pa\u017eljivo oblikovan i obra\u0111en kako bi izdr\u017eao godine no\u0161enja, a istovremeno s vremenom izgledao sve bolje.<\/p>\n","protected":false},"excerpt":{"rendered":"<p><strong>POLO XCHANGE<\/strong> remen izra\u0111en je od visokokvalitetne prirodne ko\u017ee, \u0161to mu daje izdr\u017eljivost, udobnost i luksuzan izgled.<\/p>\n<p>Materijal: 100% prirodna ko\u017ea<br \/>\nBoja: Mat crna<br \/>\n\u0160irina: 4,0 cm<br \/>\nKop\u010da: Metalna, otporna na habanje<br \/>\nDostupno u veli\u010dinama: 80 &#8211; 125 cm<br \/>\nVanjski otisnuti logotip<br \/>\nRu\u010dna izrada<\/p>\n","protected":false},"featured_media":1745,"comment_status":"open","ping_status":"closed","template":"","meta":{"_acf_changed":false},"product_cat":[36,355,619],"product_tag":[48,207,199,157,165,154,162,166,169,208,210,209,501,206,211,194,193,155,170,167,156,168],"class_list":{"0":"post-1744","1":"product","2":"type-product","3":"status-publish","4":"has-post-thumbnail","6":"product_cat-remeni","7":"product_cat-koza-remeni","8":"product_cat-jednostrani-kozni-remen","9":"product_tag-black","10":"product_tag-crna","11":"product_tag-crni","12":"product_tag-elegancija","13":"product_tag-elegantan-remen","14":"product_tag-koza","15":"product_tag-kozni-proizvod","16":"product_tag-kozni-remen","17":"product_tag-kvalitetna-koza","18":"product_tag-mat","19":"product_tag-mat-crna","20":"product_tag-mat-crni","21":"product_tag-mat-crni-muski-kozni-remen-kn-001-2-4","22":"product_tag-mat-crni-remen","23":"product_tag-matte-black","24":"product_tag-muski-kozni-remen","25":"product_tag-muski-remen","26":"product_tag-prirodna-koza","27":"product_tag-remen","28":"product_tag-remen-od-koze","29":"product_tag-sportska-elegancija","30":"product_tag-sportski-remen","32":"first","33":"instock","34":"shipping-taxable","35":"purchasable","36":"product-type-simple","swatches":"rey-swatches","show_selected":""},"aioseo_notices":[],"acf":[],"_links":{"self":[{"href":"https:\/\/polo-xchange.com\/hr\/wp-json\/wp\/v2\/product\/1744","targetHints":{"allow":["GET"]}}],"collection":[{"href":"https:\/\/polo-xchange.com\/hr\/wp-json\/wp\/v2\/product"}],"about":[{"href":"https:\/\/polo-xchange.com\/hr\/wp-json\/wp\/v2\/types\/product"}],"replies":[{"embeddable":true,"href":"https:\/\/polo-xchange.com\/hr\/wp-json\/wp\/v2\/comments?post=1744"}],"wp:featuredmedia":[{"embeddable":true,"href":"https:\/\/polo-xchange.com\/hr\/wp-json\/wp\/v2\/media\/1745"}],"wp:attachment":[{"href":"https:\/\/polo-xchange.com\/hr\/wp-json\/wp\/v2\/media?parent=1744"}],"wp:term":[{"taxonomy":"product_cat","embeddable":true,"href":"https:\/\/polo-xchange.com\/hr\/wp-json\/wp\/v2\/product_cat?post=1744"},{"taxonomy":"product_tag","embeddable":true,"href":"https:\/\/polo-xchange.com\/hr\/wp-json\/wp\/v2\/product_tag?post=1744"}],"curies":[{"name":"wp","href":"https:\/\/api.w.org\/{rel}","templated":true}]}}