{"id":1645,"date":"2025-08-11T19:50:30","date_gmt":"2025-08-11T17:50:30","guid":{"rendered":"https:\/\/polo-xchange.com\/?post_type=product&#038;p=1645"},"modified":"2025-10-10T14:11:42","modified_gmt":"2025-10-10T12:11:42","slug":"kozni-remen-s-koznom-podstavom-cognac-4-2","status":"publish","type":"product","link":"https:\/\/polo-xchange.com\/hr\/proizvod\/kozni-remen-s-koznom-podstavom-cognac-4-2\/","title":{"rendered":"KO\u017dNI REMEN S KO\u017dNOM PODSTAVOM-COGNAC\/4"},"content":{"rendered":"<p><strong>KO\u017dNI REMEN S KO\u017dNOM PODSTAVOM-COGNAC\/4<\/strong><\/p>\n<p><strong>POLO XCHANGE<\/strong> elegantni remen izra\u0111en je od visokokvalitetne prirodne ko\u017ee koja pru\u017ea iznimnu \u010dvrsto\u0107u, izdr\u017eljivost i luksuzan izgled. Posebnost ovog modela je \u0161to je izra\u0111en od prave ko\u017ee s obje strane, \u0161to ga \u010dini otpornijim na habanje i odr\u017eava savr\u0161en izgled tijekom godina kori\u0161tenja. Mekana, ali \u010dvrsta tekstura ko\u017ee pru\u017ea udobnost pri no\u0161enju, dok precizna izrada i pa\u017eljivo obra\u0111eni rubovi osiguravaju besprijekoran zavr\u0161etak. Idealan je i za svakodnevnu upotrebu i za sve\u010dane prigode, s bezvremenskim stilom koji se lako uklapa u svaku kombinaciju.<\/p>\n","protected":false},"excerpt":{"rendered":"<p><strong>POLO XCHANGE<\/strong> remen je izra\u0111en od vrhunske prirodne ko\u017ee, i s unutarnje i s vanjske strane, \u0161to pru\u017ea izdr\u017eljivost, udobnost i luksuzan izgled. Bezvremenski dizajn koji se uklapa u svaku kombinaciju &#8211; od poslovne do le\u017eerne.<\/p>\n<p>Materijal: 100% prirodna ko\u017ea<br \/>\nBoja: Konjak<br \/>\n\u0160irina: 4,0 cm<br \/>\nKop\u010da: Metalna, otporna na habanje<br \/>\nDostupno u veli\u010dinama: 80 &#8211; 125 cm<br \/>\nVanjski otisnuti logotip<br \/>\nRu\u010dna izrada<\/p>\n","protected":false},"featured_media":1646,"comment_status":"open","ping_status":"closed","template":"","meta":{"_acf_changed":false},"product_cat":[36,355,618],"product_tag":[220,157,165,219,218,154,162,166,652,169,194,193,155,170,167,156,168],"class_list":{"0":"post-1645","1":"product","2":"type-product","3":"status-publish","4":"has-post-thumbnail","6":"product_cat-remeni","7":"product_cat-koza-remeni","8":"product_cat-dvostrani-kozni-remen","9":"product_tag-cognac","10":"product_tag-elegancija","11":"product_tag-elegantan-remen","12":"product_tag-konjak","13":"product_tag-konjak-remen","14":"product_tag-koza","15":"product_tag-kozni-proizvod","16":"product_tag-kozni-remen","17":"product_tag-kozni-remen-s-koznom-podstavom-cognac-4","18":"product_tag-kvalitetna-koza","19":"product_tag-muski-kozni-remen","20":"product_tag-muski-remen","21":"product_tag-prirodna-koza","22":"product_tag-remen","23":"product_tag-remen-od-koze","24":"product_tag-sportska-elegancija","25":"product_tag-sportski-remen","27":"first","28":"instock","29":"shipping-taxable","30":"purchasable","31":"product-type-simple","swatches":"rey-swatches","show_selected":""},"aioseo_notices":[],"acf":[],"_links":{"self":[{"href":"https:\/\/polo-xchange.com\/hr\/wp-json\/wp\/v2\/product\/1645","targetHints":{"allow":["GET"]}}],"collection":[{"href":"https:\/\/polo-xchange.com\/hr\/wp-json\/wp\/v2\/product"}],"about":[{"href":"https:\/\/polo-xchange.com\/hr\/wp-json\/wp\/v2\/types\/product"}],"replies":[{"embeddable":true,"href":"https:\/\/polo-xchange.com\/hr\/wp-json\/wp\/v2\/comments?post=1645"}],"wp:featuredmedia":[{"embeddable":true,"href":"https:\/\/polo-xchange.com\/hr\/wp-json\/wp\/v2\/media\/1646"}],"wp:attachment":[{"href":"https:\/\/polo-xchange.com\/hr\/wp-json\/wp\/v2\/media?parent=1645"}],"wp:term":[{"taxonomy":"product_cat","embeddable":true,"href":"https:\/\/polo-xchange.com\/hr\/wp-json\/wp\/v2\/product_cat?post=1645"},{"taxonomy":"product_tag","embeddable":true,"href":"https:\/\/polo-xchange.com\/hr\/wp-json\/wp\/v2\/product_tag?post=1645"}],"curies":[{"name":"wp","href":"https:\/\/api.w.org\/{rel}","templated":true}]}}