{"id":1375,"date":"2025-07-26T14:01:12","date_gmt":"2025-07-26T12:01:12","guid":{"rendered":"https:\/\/polo-xchange.com\/?post_type=product&#038;p=1375"},"modified":"2025-09-29T23:01:14","modified_gmt":"2025-09-29T21:01:14","slug":"crni-muski-kozni-remen-gv-006-3-5","status":"publish","type":"product","link":"https:\/\/polo-xchange.com\/hr\/proizvod\/crni-muski-kozni-remen-gv-006-3-5\/","title":{"rendered":"CRNI MU\u0160KI KO\u017dNI REMEN GV.006\/3.5"},"content":{"rendered":"<p><strong>CRNI MU\u0160KI KO\u017dNI REMEN GV.006\/3.5<\/strong><\/p>\n<p><strong>POLO XCHANGE<\/strong> mu\u0161ki remen izra\u0111en je od pa\u017eljivo odabrane 100% prirodne gove\u0111e ko\u017ee, poznate po svojoj \u010dvrsto\u0107i i izdr\u017eljivosti. Svaki detalj remena dizajniran je kako bi kombinirao vrhunsku kvalitetu s klasi\u010dnim, bezvremenskim stilom. Zahvaljuju\u0107i elegantnom, ali univerzalnom dizajnu, savr\u0161eno se uklapa u sve odjevne kombinacije &#8211; od poslovnog odijela do svakodnevnih le\u017eernih hla\u010da ili traperica. Ko\u017ea s vremenom dobiva prirodnu strukturu, \u0161to ovom remenu daje jedinstven karakter i \u010dini ga ljep\u0161im dok ga nosite. Metalna kop\u010da je \u010dvrsta, otporna na habanje i dizajnirana da traje godinama.<\/p>\n","protected":false},"excerpt":{"rendered":"<p><strong>POLO XCHANGE<\/strong> mu\u0161ki remen izra\u0111en je od pa\u017eljivo odabrane 100% prirodne gove\u0111e ko\u017ee, poznate po svojoj \u010dvrsto\u0107i i izdr\u017eljivosti. Zahvaljuju\u0107i elegantnom, ali univerzalnom dizajnu, savr\u0161eno se uklapa u sve odjevne kombinacije.<\/p>\n<p>Materijal: 100% prirodna gove\u0111a ko\u017ea<br \/>\nBoja: Crna<br \/>\n\u0160irina: 3,5 cm<br \/>\nKop\u010da: Metalna, otporna na habanje<br \/>\nDostupno u du\u017einama: 80 &#8211; 125 cm<br \/>\nVanjski otisnuti logotip<br \/>\nRu\u010dna izrada<\/p>\n","protected":false},"featured_media":1376,"comment_status":"open","ping_status":"closed","template":"","meta":{"_acf_changed":false},"product_cat":[36,355,620],"product_tag":[48,199,345,198,157,165,154,162,166,169,194,193,155,170,167,156,168],"class_list":{"0":"post-1375","1":"product","2":"type-product","3":"status-publish","4":"has-post-thumbnail","6":"product_cat-remeni","7":"product_cat-koza-remeni","8":"product_cat-goveda-koza","9":"product_tag-black","10":"product_tag-crni","11":"product_tag-crni-muski-kozni-remen-gv-006-3-5","12":"product_tag-crni-remen","13":"product_tag-elegancija","14":"product_tag-elegantan-remen","15":"product_tag-koza","16":"product_tag-kozni-proizvod","17":"product_tag-kozni-remen","18":"product_tag-kvalitetna-koza","19":"product_tag-muski-kozni-remen","20":"product_tag-muski-remen","21":"product_tag-prirodna-koza","22":"product_tag-remen","23":"product_tag-remen-od-koze","24":"product_tag-sportska-elegancija","25":"product_tag-sportski-remen","27":"first","28":"instock","29":"shipping-taxable","30":"purchasable","31":"product-type-simple","swatches":"rey-swatches","show_selected":""},"aioseo_notices":[],"acf":[],"_links":{"self":[{"href":"https:\/\/polo-xchange.com\/hr\/wp-json\/wp\/v2\/product\/1375","targetHints":{"allow":["GET"]}}],"collection":[{"href":"https:\/\/polo-xchange.com\/hr\/wp-json\/wp\/v2\/product"}],"about":[{"href":"https:\/\/polo-xchange.com\/hr\/wp-json\/wp\/v2\/types\/product"}],"replies":[{"embeddable":true,"href":"https:\/\/polo-xchange.com\/hr\/wp-json\/wp\/v2\/comments?post=1375"}],"wp:featuredmedia":[{"embeddable":true,"href":"https:\/\/polo-xchange.com\/hr\/wp-json\/wp\/v2\/media\/1376"}],"wp:attachment":[{"href":"https:\/\/polo-xchange.com\/hr\/wp-json\/wp\/v2\/media?parent=1375"}],"wp:term":[{"taxonomy":"product_cat","embeddable":true,"href":"https:\/\/polo-xchange.com\/hr\/wp-json\/wp\/v2\/product_cat?post=1375"},{"taxonomy":"product_tag","embeddable":true,"href":"https:\/\/polo-xchange.com\/hr\/wp-json\/wp\/v2\/product_tag?post=1375"}],"curies":[{"name":"wp","href":"https:\/\/api.w.org\/{rel}","templated":true}]}}