{"id":1067,"date":"2025-07-15T14:35:19","date_gmt":"2025-07-15T12:35:19","guid":{"rendered":"https:\/\/polo-xchange.com\/?post_type=product&#038;p=1067"},"modified":"2025-09-17T15:18:56","modified_gmt":"2025-09-17T13:18:56","slug":"crna-muska-kozna-torba-t-003-a","status":"publish","type":"product","link":"https:\/\/polo-xchange.com\/hr\/proizvod\/crna-muska-kozna-torba-t-003-a\/","title":{"rendered":"CRNA MU\u0160KA KO\u017dNA TORBA-T.003\/A"},"content":{"rendered":"<p><strong>CRNA MU\u0160KA KO\u017dNA TORBA-T.003\/A<\/strong><\/p>\n<p><strong>POLO XCHANGE<\/strong> mu\u0161ka ko\u017ena torba je elegantan i funkcionalan dodatak za svakog mu\u0161karca. Napravljena od visokokvalitetne prirodne ko\u017ee, ova torba je dizajnirana da izdr\u017ei test vremena, a njen sofisticiran izgled omogu\u0107ava lako uskla\u0111ivanje sa razli\u010ditim stilovima. Sa prostranim unutra\u0161njim dijelom, torba pru\u017ea dovoljno prostora za dokumente, nov\u010danik, mobilni ure\u0111aj i druge neophodne sitnice. Vanjski d\u017eepovi omogu\u0107avaju brzo i jednostavno pristupanje osnovnim stvarima. Zatvaranje je \u010desto izvedeno sa jakim patentnim zatvara\u010dem, \u0161to dodatno osigurava sigurnost sadr\u017eaja. Remen za rame je podesiv i udoban za no\u0161enje. Sa svojim bezvremenskim dizajnom i izdr\u017eljivo\u0161\u0107u, ova ko\u017ena torba je savr\u0161en izbor za svakodnevnu upotrebu, poslovne prilike ili putovanja.<\/p>\n","protected":false},"excerpt":{"rendered":"<p><strong>POLO XCHANGE<\/strong> mu\u0161ka ko\u017ena torba je elegantan i funkcionalan dodatak za svakog mu\u0161karca.<\/p>\n<p>Du\u017eina: 17,0 cm<br \/>\n\u0160irina: 6,0 cm<br \/>\nVisina: 22,5 cm<br \/>\nZatvaranje na vrhu: Patentni zatvara\u010d<br \/>\n1 vanjski otvoreni<br \/>\n2 unutarnja otvorena d\u017eepa<br \/>\nVanjski otisnuti logotip<br \/>\nPodesivi remen<\/p>\n","protected":false},"featured_media":1068,"comment_status":"open","ping_status":"closed","template":"","meta":{"_acf_changed":false},"product_cat":[37,352],"product_tag":[146,157,160,159,154,152,153,162,155,163,156,161,158],"class_list":{"0":"post-1067","1":"product","2":"type-product","3":"status-publish","4":"has-post-thumbnail","6":"product_cat-torbice","7":"product_cat-koza","8":"product_tag-crna-muska-kozna-torba-t-003-a","9":"product_tag-elegancija","10":"product_tag-elegantna-torba","11":"product_tag-elegantna-torbica","12":"product_tag-koza","13":"product_tag-kozna-torba","14":"product_tag-kozna-torbica","15":"product_tag-kozni-proizvod","16":"product_tag-prirodna-koza","17":"product_tag-proizvodi-od-koze","18":"product_tag-sportska-elegancija","19":"product_tag-sportska-torba","20":"product_tag-sportska-torbica","22":"first","23":"instock","24":"shipping-taxable","25":"purchasable","26":"product-type-simple","swatches":"rey-swatches","show_selected":""},"aioseo_notices":[],"acf":[],"_links":{"self":[{"href":"https:\/\/polo-xchange.com\/hr\/wp-json\/wp\/v2\/product\/1067","targetHints":{"allow":["GET"]}}],"collection":[{"href":"https:\/\/polo-xchange.com\/hr\/wp-json\/wp\/v2\/product"}],"about":[{"href":"https:\/\/polo-xchange.com\/hr\/wp-json\/wp\/v2\/types\/product"}],"replies":[{"embeddable":true,"href":"https:\/\/polo-xchange.com\/hr\/wp-json\/wp\/v2\/comments?post=1067"}],"wp:featuredmedia":[{"embeddable":true,"href":"https:\/\/polo-xchange.com\/hr\/wp-json\/wp\/v2\/media\/1068"}],"wp:attachment":[{"href":"https:\/\/polo-xchange.com\/hr\/wp-json\/wp\/v2\/media?parent=1067"}],"wp:term":[{"taxonomy":"product_cat","embeddable":true,"href":"https:\/\/polo-xchange.com\/hr\/wp-json\/wp\/v2\/product_cat?post=1067"},{"taxonomy":"product_tag","embeddable":true,"href":"https:\/\/polo-xchange.com\/hr\/wp-json\/wp\/v2\/product_tag?post=1067"}],"curies":[{"name":"wp","href":"https:\/\/api.w.org\/{rel}","templated":true}]}}