{"id":290,"date":"2025-02-25T18:50:45","date_gmt":"2025-02-25T17:50:45","guid":{"rendered":"http:\/\/localhost\/polo\/product\/green-camo-long-sleeve-shacket\/"},"modified":"2025-09-17T15:45:19","modified_gmt":"2025-09-17T13:45:19","slug":"crna-muska-kozna-torba-s-001-g","status":"publish","type":"product","link":"https:\/\/polo-xchange.com\/en\/product\/crna-muska-kozna-torba-s-001-g\/","title":{"rendered":"CRNA MU\u0160KA KO\u017dNA TORBA-S.001\/G"},"content":{"rendered":"<p><strong>CRNA MU\u0160KA KO\u017dNA TORBA-S.001\/G<\/strong><\/p>\n<p><strong>POLO XCHANGE<\/strong> mu\u0161ka ko\u017ena torba je elegantan i funkcionalan dodatak za svakog mu\u0161karca. Napravljena od visokokvalitetne prirodne ko\u017ee, ova torba je dizajnirana da izdr\u017ei test vremena, a njen sofisticiran izgled omogu\u0107ava lako uskla\u0111ivanje sa razli\u010ditim stilovima. Sa prostranim unutra\u0161njim dijelom, torbica pru\u017ea dovoljno prostora za dokumente, nov\u010danik, mobilni ure\u0111aj i druge neophodne sitnice. Vanjski d\u017eepovi omogu\u0107avaju brzo i jednostavno pristupanje osnovnim stvarima. Zatvaranje je \u010desto izvedeno sa jakim patentnim zatvara\u010dem, \u0161to dodatno osigurava sigurnost sadr\u017eaja. Remen za rame je podesiv i udoban za no\u0161enje. Sa svojim bezvremenskim dizajnom i izdr\u017eljivo\u0161\u0107u, ova ko\u017ena torba je savr\u0161en izbor za svakodnevnu upotrebu, poslovne prilike ili putovanja.<\/p>","protected":false},"excerpt":{"rendered":"<p><strong>POLO XCHANGE<\/strong> mu\u0161ka ko\u017ena torba je elegantan i funkcionalan dodatak za svakog mu\u0161karca.<\/p>\n<p>Du\u017eina: 22,0 cm<br \/>\n\u0160irina: 10,0 cm<br \/>\nVisina: 26,0 cm<br \/>\nZatvaranje na vrhu: Patentni zatvara\u010d<br \/>\n2 vanjske pregrade sa patentnim zatvara\u010dem<br \/>\n1 vanjski d\u017eep sa patentnim zatvara\u010dem<br \/>\n2 unutarnja otvorena d\u017eepa<br \/>\nVanjski obostrano otisnuti logotip<br \/>\nPodesivi remen<\/p>","protected":false},"featured_media":699,"comment_status":"open","ping_status":"closed","template":"","meta":{"_acf_changed":false},"product_cat":[37,352],"product_tag":[113,157,160,159,154,152,153,162,155,163,156,161,158],"class_list":{"0":"post-290","1":"product","2":"type-product","3":"status-publish","4":"has-post-thumbnail","6":"product_cat-torbice","7":"product_cat-koza","8":"product_tag-crna-muska-kozna-torba-s-001-g","9":"product_tag-elegancija","10":"product_tag-elegantna-torba","11":"product_tag-elegantna-torbica","12":"product_tag-koza","13":"product_tag-kozna-torba","14":"product_tag-kozna-torbica","15":"product_tag-kozni-proizvod","16":"product_tag-prirodna-koza","17":"product_tag-proizvodi-od-koze","18":"product_tag-sportska-elegancija","19":"product_tag-sportska-torba","20":"product_tag-sportska-torbica","22":"first","23":"instock","24":"shipping-taxable","25":"purchasable","26":"product-type-simple","swatches":"rey-swatches","show_selected":""},"aioseo_notices":[],"acf":[],"_links":{"self":[{"href":"https:\/\/polo-xchange.com\/en\/wp-json\/wp\/v2\/product\/290","targetHints":{"allow":["GET"]}}],"collection":[{"href":"https:\/\/polo-xchange.com\/en\/wp-json\/wp\/v2\/product"}],"about":[{"href":"https:\/\/polo-xchange.com\/en\/wp-json\/wp\/v2\/types\/product"}],"replies":[{"embeddable":true,"href":"https:\/\/polo-xchange.com\/en\/wp-json\/wp\/v2\/comments?post=290"}],"wp:featuredmedia":[{"embeddable":true,"href":"https:\/\/polo-xchange.com\/en\/wp-json\/wp\/v2\/media\/699"}],"wp:attachment":[{"href":"https:\/\/polo-xchange.com\/en\/wp-json\/wp\/v2\/media?parent=290"}],"wp:term":[{"taxonomy":"product_cat","embeddable":true,"href":"https:\/\/polo-xchange.com\/en\/wp-json\/wp\/v2\/product_cat?post=290"},{"taxonomy":"product_tag","embeddable":true,"href":"https:\/\/polo-xchange.com\/en\/wp-json\/wp\/v2\/product_tag?post=290"}],"curies":[{"name":"wp","href":"https:\/\/api.w.org\/{rel}","templated":true}]}}