{"id":1760,"date":"2025-08-16T12:47:43","date_gmt":"2025-08-16T10:47:43","guid":{"rendered":"https:\/\/polo-xchange.com\/?post_type=product&#038;p=1760"},"modified":"2025-09-29T21:11:28","modified_gmt":"2025-09-29T19:11:28","slug":"tamno-sivi-muski-kozni-remen-kn-004-4","status":"publish","type":"product","link":"https:\/\/polo-xchange.com\/en\/product\/tamno-sivi-muski-kozni-remen-kn-004-4\/","title":{"rendered":"TAMNO SIVI MU\u0160KI KO\u017dNI REMEN KN.004\/4"},"content":{"rendered":"<p><strong>TAMNO SIVI MU\u0160KI KO\u017dNI REMEN KN.004\/4<\/strong><\/p>\n<p><strong>POLO XCHANGE<\/strong> remen izra\u0111en je od visokokvalitetne prirodne ko\u017ee, \u0161to mu daje izdr\u017eljivost, udobnost i luksuzan izgled. Klasi\u010dni dizajn s \u010dvrstom metalnom kop\u010dom olak\u0161ava kombiniranje s poslovnom, le\u017eernom ili sve\u010danom odje\u0107om. Svaki komad je pa\u017eljivo oblikovan i obra\u0111en kako bi izdr\u017eao godine no\u0161enja, a istovremeno s vremenom izgledao sve bolje.<\/p>","protected":false},"excerpt":{"rendered":"<p><strong>POLO XCHANGE<\/strong> remen izra\u0111en je od visokokvalitetne prirodne ko\u017ee, \u0161to mu daje izdr\u017eljivost, udobnost i luksuzan izgled.<\/p>\n<p>Materijal: 100% prirodna ko\u017ea<br \/>\nBoja: Tamno siva<br \/>\n\u0160irina: 4,0 cm<br \/>\nKop\u010da: Metalna, otporna na habanje<br \/>\nDostupno u veli\u010dinama: 80 &#8211; 125 cm<br \/>\nVanjski otisnuti logotip<br \/>\nRu\u010dna izrada<\/p>","protected":false},"featured_media":1761,"comment_status":"open","ping_status":"closed","template":"","meta":{"_acf_changed":false},"product_cat":[36,355,619],"product_tag":[157,165,247,154,162,166,169,194,193,155,170,167,245,246,244,156,168,508],"class_list":{"0":"post-1760","1":"product","2":"type-product","3":"status-publish","4":"has-post-thumbnail","6":"product_cat-remeni","7":"product_cat-koza-remeni","8":"product_cat-jednostrani-kozni-remen","9":"product_tag-elegancija","10":"product_tag-elegantan-remen","11":"product_tag-grey","12":"product_tag-koza","13":"product_tag-kozni-proizvod","14":"product_tag-kozni-remen","15":"product_tag-kvalitetna-koza","16":"product_tag-muski-kozni-remen","17":"product_tag-muski-remen","18":"product_tag-prirodna-koza","19":"product_tag-remen","20":"product_tag-remen-od-koze","21":"product_tag-siva","22":"product_tag-sivi","23":"product_tag-sivi-remen","24":"product_tag-sportska-elegancija","25":"product_tag-sportski-remen","26":"product_tag-tamno-sivi-muski-kozni-remen-kn-004-4","28":"first","29":"instock","30":"shipping-taxable","31":"purchasable","32":"product-type-simple","swatches":"rey-swatches","show_selected":""},"aioseo_notices":[],"acf":[],"_links":{"self":[{"href":"https:\/\/polo-xchange.com\/en\/wp-json\/wp\/v2\/product\/1760","targetHints":{"allow":["GET"]}}],"collection":[{"href":"https:\/\/polo-xchange.com\/en\/wp-json\/wp\/v2\/product"}],"about":[{"href":"https:\/\/polo-xchange.com\/en\/wp-json\/wp\/v2\/types\/product"}],"replies":[{"embeddable":true,"href":"https:\/\/polo-xchange.com\/en\/wp-json\/wp\/v2\/comments?post=1760"}],"wp:featuredmedia":[{"embeddable":true,"href":"https:\/\/polo-xchange.com\/en\/wp-json\/wp\/v2\/media\/1761"}],"wp:attachment":[{"href":"https:\/\/polo-xchange.com\/en\/wp-json\/wp\/v2\/media?parent=1760"}],"wp:term":[{"taxonomy":"product_cat","embeddable":true,"href":"https:\/\/polo-xchange.com\/en\/wp-json\/wp\/v2\/product_cat?post=1760"},{"taxonomy":"product_tag","embeddable":true,"href":"https:\/\/polo-xchange.com\/en\/wp-json\/wp\/v2\/product_tag?post=1760"}],"curies":[{"name":"wp","href":"https:\/\/api.w.org\/{rel}","templated":true}]}}