{"id":1529,"date":"2025-08-01T14:40:47","date_gmt":"2025-08-01T12:40:47","guid":{"rendered":"https:\/\/polo-xchange.com\/?post_type=product&#038;p=1529"},"modified":"2025-09-30T13:31:37","modified_gmt":"2025-09-30T11:31:37","slug":"muski-elasticni-remen-s-prirodnom-kozom-gmk-001-4","status":"publish","type":"product","link":"https:\/\/polo-xchange.com\/en\/product\/muski-elasticni-remen-s-prirodnom-kozom-gmk-001-4\/","title":{"rendered":"MU\u0160KI ELASTI\u010cNI REMEN S PRIRODNOM KO\u017dOM GMK.001\/4"},"content":{"rendered":"<p><strong>MU\u0160KI ELASTI\u010cNI REMEN S PRIRODNOM KO\u017dOM GMK.001\/4<\/strong><\/p>\n<p><strong>POLO XCHANGE<\/strong> mu\u0161ki elasti\u010dni remen s detaljima od prirodne ko\u017ee savr\u0161ena je kombinacija sportskog duha i elegantnog stila. Inspiriran nauti\u010dkim izgledom, ovaj remen unosi le\u017eernost i sofisticiranost u svakodnevne kombinacije. Elasti\u010dna tkanina pru\u017ea udobnost i fleksibilnost, dok prirodna ko\u017ea na krajevima dodaje da\u0161ak luksuza i izdr\u017eljivosti. Bez obzira nosi li se s chino hla\u010dama, trapericama ili laganim ljetnim odjevnim kombinacijama, ovaj remen idealan je za mu\u0161karca koji cijeni prakti\u010dnost, stil i kvalitetu.<\/p>","protected":false},"excerpt":{"rendered":"<p><strong>POLO XCHANGE<\/strong> mu\u0161ki elasti\u010dni remen s detaljima od prirodne ko\u017ee savr\u0161ena je kombinacija sportskog duha i elegantnog stila. Inspiriran nauti\u010dkim izgledom, ovaj remen unosi le\u017eernost i sofisticiranost u svakodnevne kombinacije.<\/p>\n<p>Materijal: elasti\u010dna tkanina + 100% prirodna ko\u017ea<br \/>\nBoja ko\u017ee: plava<br \/>\n\u0160irina: 4,0 cm<br \/>\nKop\u010da: Metalna, otporna na habanje<br \/>\nDostupno u du\u017einama: 80 &#8211; 125 cm<br \/>\nVanjski otisnuti logotip<br \/>\nRu\u010dna izrada<\/p>","protected":false},"featured_media":1530,"comment_status":"open","ping_status":"closed","template":"","meta":{"_acf_changed":false},"product_cat":[623,36,621],"product_tag":[400,157,154,166,404,401,613,194,193,402,235,405,234,170,168,403],"class_list":{"0":"post-1529","1":"product","2":"type-product","3":"status-publish","4":"has-post-thumbnail","6":"product_cat-elasticna-tkanina-prirodna-koza","7":"product_cat-remeni","8":"product_cat-navy","9":"product_tag-elasticni-remen","10":"product_tag-elegancija","11":"product_tag-koza","12":"product_tag-kozni-remen","13":"product_tag-mornarski-remen","14":"product_tag-muski-elasticni-remen","15":"product_tag-muski-elasticni-remen-s-prirodnom-kozom-gmk-001-4","16":"product_tag-muski-kozni-remen","17":"product_tag-muski-remen","18":"product_tag-muski-sportski-remen","19":"product_tag-plava","20":"product_tag-plavi-elasticni-remen","21":"product_tag-plavi-remen","22":"product_tag-remen","23":"product_tag-sportski-remen","24":"product_tag-yachting-remen","26":"first","27":"instock","28":"shipping-taxable","29":"purchasable","30":"product-type-simple","swatches":"rey-swatches","show_selected":""},"aioseo_notices":[],"acf":[],"_links":{"self":[{"href":"https:\/\/polo-xchange.com\/en\/wp-json\/wp\/v2\/product\/1529","targetHints":{"allow":["GET"]}}],"collection":[{"href":"https:\/\/polo-xchange.com\/en\/wp-json\/wp\/v2\/product"}],"about":[{"href":"https:\/\/polo-xchange.com\/en\/wp-json\/wp\/v2\/types\/product"}],"replies":[{"embeddable":true,"href":"https:\/\/polo-xchange.com\/en\/wp-json\/wp\/v2\/comments?post=1529"}],"wp:featuredmedia":[{"embeddable":true,"href":"https:\/\/polo-xchange.com\/en\/wp-json\/wp\/v2\/media\/1530"}],"wp:attachment":[{"href":"https:\/\/polo-xchange.com\/en\/wp-json\/wp\/v2\/media?parent=1529"}],"wp:term":[{"taxonomy":"product_cat","embeddable":true,"href":"https:\/\/polo-xchange.com\/en\/wp-json\/wp\/v2\/product_cat?post=1529"},{"taxonomy":"product_tag","embeddable":true,"href":"https:\/\/polo-xchange.com\/en\/wp-json\/wp\/v2\/product_tag?post=1529"}],"curies":[{"name":"wp","href":"https:\/\/api.w.org\/{rel}","templated":true}]}}