{"id":1512,"date":"2025-07-31T18:25:14","date_gmt":"2025-07-31T16:25:14","guid":{"rendered":"https:\/\/polo-xchange.com\/?post_type=product&#038;p=1512"},"modified":"2025-09-15T17:18:30","modified_gmt":"2025-09-15T15:18:30","slug":"crna-muska-torbica-od-umjetne-koze-sm-001-e","status":"publish","type":"product","link":"https:\/\/polo-xchange.com\/en\/product\/crna-muska-torbica-od-umjetne-koze-sm-001-e\/","title":{"rendered":"CRNA MU\u0160KA TORBICA OD UMJETNE KO\u017dE SM.001\/E"},"content":{"rendered":"<p><strong>CRNA MU\u0160KA TORBICA OD UMJETNE KO\u017dE SM.001\/E<\/strong><\/p>\n<p><strong>POLO XCHANGE<\/strong> moderna torbica izra\u0111ena od visokokvalitetnog poliuretana &#8211; izdr\u017eljivog, laganog i vodootpornog materijala koji vjerno imitira prirodnu ko\u017eu. PU ko\u017ea poznata je po svojoj izdr\u017eljivosti i jednostavnom odr\u017eavanju, \u0161to ovu torbu \u010dini savr\u0161enim izborom za svakodnevnu upotrebu i posebne prigode. Elegantna, prakti\u010dna i bez upotrebe \u017eivotinjskih materijala. Dizajnirana je za svakodnevnu upotrebu &#8211; dovoljno prostrana za osnovne stvari, a kompaktana i elegantana za ve\u010dernje izlaske.<\/p>","protected":false},"excerpt":{"rendered":"<p><strong>POLO XCHANGE<\/strong> moderna torbica izra\u0111ena od visokokvalitetnog poliuretana &#8211; izdr\u017eljivog, laganog i vodootpornog materijala koji vjerno imitira prirodnu ko\u017eu. PU ko\u017ea poznata je po svojoj izdr\u017eljivosti i jednostavnom odr\u017eavanju<\/p>\n<p>Du\u017eina: 14,5 cm<br \/>\n\u0160irina: 5,5 cm<br \/>\nVisina: 20,5 cm<br \/>\nZatvaranje na vrhu: Patentni zatvara\u010d<br \/>\n1 vanjska pregrada sa patentnim zatvara\u010dem<br \/>\n1 vanjski otvoreni d\u017eep<br \/>\n2 unutarnja otvorena d\u017eepa<br \/>\nVanjski otisnuti logotip<br \/>\nPodesivi remen<\/p>","protected":false},"featured_media":1513,"comment_status":"open","ping_status":"closed","template":"","meta":{"_acf_changed":false},"product_cat":[37,353],"product_tag":[48,207,366,362,361,154,360,156,161,158,359,358,357],"class_list":{"0":"post-1512","1":"product","2":"type-product","3":"status-publish","4":"has-post-thumbnail","6":"product_cat-torbice","7":"product_cat-umjetna-koza","8":"product_tag-black","9":"product_tag-crna","10":"product_tag-crna-muska-torbica-od-umjetne-koze-sm-001-e","11":"product_tag-crna-torbica","12":"product_tag-eko-koza","13":"product_tag-koza","14":"product_tag-proizvod-od-umjetne-koze","15":"product_tag-sportska-elegancija","16":"product_tag-sportska-torba","17":"product_tag-sportska-torbica","18":"product_tag-torba-od-umjetne-koze","19":"product_tag-torbica-od-umjetne-koze","20":"product_tag-umjetna-koza","22":"first","23":"instock","24":"shipping-taxable","25":"purchasable","26":"product-type-simple","swatches":"rey-swatches","show_selected":""},"aioseo_notices":[],"acf":[],"_links":{"self":[{"href":"https:\/\/polo-xchange.com\/en\/wp-json\/wp\/v2\/product\/1512","targetHints":{"allow":["GET"]}}],"collection":[{"href":"https:\/\/polo-xchange.com\/en\/wp-json\/wp\/v2\/product"}],"about":[{"href":"https:\/\/polo-xchange.com\/en\/wp-json\/wp\/v2\/types\/product"}],"replies":[{"embeddable":true,"href":"https:\/\/polo-xchange.com\/en\/wp-json\/wp\/v2\/comments?post=1512"}],"wp:featuredmedia":[{"embeddable":true,"href":"https:\/\/polo-xchange.com\/en\/wp-json\/wp\/v2\/media\/1513"}],"wp:attachment":[{"href":"https:\/\/polo-xchange.com\/en\/wp-json\/wp\/v2\/media?parent=1512"}],"wp:term":[{"taxonomy":"product_cat","embeddable":true,"href":"https:\/\/polo-xchange.com\/en\/wp-json\/wp\/v2\/product_cat?post=1512"},{"taxonomy":"product_tag","embeddable":true,"href":"https:\/\/polo-xchange.com\/en\/wp-json\/wp\/v2\/product_tag?post=1512"}],"curies":[{"name":"wp","href":"https:\/\/api.w.org\/{rel}","templated":true}]}}