{"id":1466,"date":"2025-07-31T16:32:15","date_gmt":"2025-07-31T14:32:15","guid":{"rendered":"https:\/\/polo-xchange.com\/?post_type=product&#038;p=1466"},"modified":"2025-09-15T17:03:45","modified_gmt":"2025-09-15T15:03:45","slug":"crna-muska-torbica-od-umjetne-koze-i-poliesterskog-vlakna-sm-003-f","status":"publish","type":"product","link":"https:\/\/polo-xchange.com\/en\/product\/crna-muska-torbica-od-umjetne-koze-i-poliesterskog-vlakna-sm-003-f\/","title":{"rendered":"CRNA MU\u0160KA TORBICA OD UMJETNE KO\u017dE I POLIESTERSKOG VLAKNA SM.003\/F"},"content":{"rendered":"<p><strong>CRNA MU\u0160KA TORBICA OD UMJETNE KO\u017dE I POLIESTERSKOG VLAKNA SM.003\/F<\/strong><\/p>\n<p><strong>POLO XCHANGE<\/strong> torbica dizajnirana za modernog mu\u0161karca koji je stalno u pokretu, ova torbica nudi savr\u0161enu ravnote\u017eu izme\u0111u stila, prakti\u010dnosti i odr\u017eivosti. Izra\u0111ena je od visokokvalitetnog poliuretana i poliesterskog vlakna dobivenog od neovisno certificiranih recikliranih materijala dobivenih iz rabljenog tekstila, industrijskog otpada i plasti\u010dnih boca, \u0161to je \u010dini ekolo\u0161ki odgovornim izborom. Prostrani glavni pretinac idealan je za dokumente ili svakodnevne potrep\u0161tine, dok dodatni d\u017eepovi omogu\u0107uju urednu organizaciju manjih stvari. Podesivi remen osigurava udobnost no\u0161enja, bilo da putuje\u0161 na posao, vikend izlet ili jednostavno u\u017eiva\u0161 u gradskim \u0161etnjama. S ovom torbom bira\u0161 moderan izgled i odr\u017eiv na\u010din \u017eivota.<\/p>","protected":false},"excerpt":{"rendered":"<p><strong>POLO XCHANGE<\/strong> torbica dizajnirana za modernog mu\u0161karca koji je stalno u pokretu. Izra\u0111ena je od visokokvalitetnog poliuretana i poliesterskog vlakna dobivenog od neovisno certificiranih recikliranih materijala dobivenih iz rabljenog tekstila, industrijskog otpada i plasti\u010dnih boca, \u0161to je \u010dini ekolo\u0161ki odgovornim izborom.<\/p>\n<p>Du\u017eina: 14,5 cm<br \/>\n\u0160irina: 2,0 cm<br \/>\nVisina: 20,5 cm<br \/>\nZatvaranje na vrhu: Patentni zatvara\u010d<br \/>\n1 vanjska pregrada sa patentnim zatvara\u010dem<br \/>\n2 unutarnja otvorena d\u017eepa<br \/>\nVanjski otisnuti logotip<br \/>\nPodesivi remen<\/p>","protected":false},"featured_media":1467,"comment_status":"open","ping_status":"closed","template":"","meta":{"_acf_changed":false},"product_cat":[37,354],"product_tag":[384,362,372,361,370,369,360,371,156,161,158,359,368,358,367,357],"class_list":{"0":"post-1466","1":"product","2":"type-product","3":"status-publish","4":"has-post-thumbnail","6":"product_cat-torbice","7":"product_cat-poliestersko-vlakno","8":"product_tag-crna-muska-torbica-od-umjetne-koze-i-poliesterskog-vlakna-sm-003-f","9":"product_tag-crna-torbica","10":"product_tag-eco-koza","11":"product_tag-eko-koza","12":"product_tag-poliester","13":"product_tag-poliestersko-vlakno","14":"product_tag-proizvod-od-umjetne-koze","15":"product_tag-reciklirani-materijali","16":"product_tag-sportska-elegancija","17":"product_tag-sportska-torba","18":"product_tag-sportska-torbica","19":"product_tag-torba-od-umjetne-koze","20":"product_tag-torba-od-umjetne-koze-i-poliesterskog-vlakna","21":"product_tag-torbica-od-umjetne-koze","22":"product_tag-torbica-od-umjetne-koze-i-poliesterskog-vlakna","23":"product_tag-umjetna-koza","25":"first","26":"instock","27":"shipping-taxable","28":"purchasable","29":"product-type-simple","swatches":"rey-swatches","show_selected":""},"aioseo_notices":[],"acf":[],"_links":{"self":[{"href":"https:\/\/polo-xchange.com\/en\/wp-json\/wp\/v2\/product\/1466","targetHints":{"allow":["GET"]}}],"collection":[{"href":"https:\/\/polo-xchange.com\/en\/wp-json\/wp\/v2\/product"}],"about":[{"href":"https:\/\/polo-xchange.com\/en\/wp-json\/wp\/v2\/types\/product"}],"replies":[{"embeddable":true,"href":"https:\/\/polo-xchange.com\/en\/wp-json\/wp\/v2\/comments?post=1466"}],"wp:featuredmedia":[{"embeddable":true,"href":"https:\/\/polo-xchange.com\/en\/wp-json\/wp\/v2\/media\/1467"}],"wp:attachment":[{"href":"https:\/\/polo-xchange.com\/en\/wp-json\/wp\/v2\/media?parent=1466"}],"wp:term":[{"taxonomy":"product_cat","embeddable":true,"href":"https:\/\/polo-xchange.com\/en\/wp-json\/wp\/v2\/product_cat?post=1466"},{"taxonomy":"product_tag","embeddable":true,"href":"https:\/\/polo-xchange.com\/en\/wp-json\/wp\/v2\/product_tag?post=1466"}],"curies":[{"name":"wp","href":"https:\/\/api.w.org\/{rel}","templated":true}]}}