{"id":1120,"date":"2025-07-19T14:11:37","date_gmt":"2025-07-19T12:11:37","guid":{"rendered":"https:\/\/polo-xchange.com\/?post_type=product&#038;p=1120"},"modified":"2025-10-01T16:13:13","modified_gmt":"2025-10-01T14:13:13","slug":"mat-crni-remen-od-koze-francuskog-bika-4-2","status":"publish","type":"product","link":"https:\/\/polo-xchange.com\/en\/product\/mat-crni-remen-od-koze-francuskog-bika-4-2\/","title":{"rendered":"MAT CRNI REMEN OD KO\u017dE FRANCUSKOG BIKA\/4"},"content":{"rendered":"<p><strong>MAT CRNI REMEN OD KO\u017dE FRANCUSKOG BIKA\/4<\/strong><\/p>\n<p><strong>POLO XCHANGE<\/strong> mu\u0161ki ko\u017eni remen izra\u0111en od najkvalitetnije ko\u017ee francuskog bika, ovaj remen odi\u0161e luksuzom, \u010dvrsto\u0107om i dugovje\u010dno\u0161\u0107u. Ko\u017ea je pa\u017eljivo obra\u0111ena prirodnim metodama, zadr\u017eavaju\u0107i svoju prirodnu teksturu i bogatu strukturu. Francuski bikovi poznati su po svojoj debeloj, \u010dvrstoj ko\u017ei iznimne fino\u0107e, \u0161to ovaj remen \u010dini ne samo izdr\u017eljivim, ve\u0107 i izuzetno udobnim za no\u0161enje. S profinjenom i klasi\u010dnom metalnom kop\u010dom, ovaj remen savr\u0161eno se uklapa i u poslovni i u elegantni svakodnevni stil. S vremenom ko\u017ea dobiva plemenitu strukturu koja svjedo\u010di o kvaliteti i autenti\u010dnosti ovog proizvoda.<\/p>","protected":false},"excerpt":{"rendered":"<p><strong>POLO XCHANGE<\/strong> mu\u0161ki ko\u017eni remen izra\u0111en od najkvalitetnije ko\u017ee francuskog bika, ovaj remen odi\u0161e luksuzom, \u010dvrsto\u0107om i dugovje\u010dno\u0161\u0107u. Francuski bikovi poznati su po svojoj debeloj, \u010dvrstoj ko\u017ei iznimne fino\u0107e, \u0161to ovaj remen \u010dini ne samo izdr\u017eljivim, ve\u0107 i izuzetno udobnim za no\u0161enje.<\/p>\n<p>Materijal: 100% prirodna ko\u017ea francuskog bika<br \/>\nBoja: Mat crna<br \/>\n\u0160irina: 4,0 cm<br \/>\nKop\u010da: Metalna, otporna na habanje<br \/>\nDostupno u du\u017einama: 80 &#8211; 125 cm<br \/>\nVanjski otisnuti logotip<br \/>\nRu\u010dna izrada<\/p>","protected":false},"featured_media":2405,"comment_status":"open","ping_status":"closed","template":"","meta":{"_acf_changed":false},"product_cat":[36,355,617],"product_tag":[48,207,199,157,165,154,162,166,169,208,210,209,206,640,211,194,193,155,170,167,156,168],"class_list":{"0":"post-1120","1":"product","2":"type-product","3":"status-publish","4":"has-post-thumbnail","6":"product_cat-remeni","7":"product_cat-koza-remeni","8":"product_cat-francuski-bik-premium-collection","9":"product_tag-black","10":"product_tag-crna","11":"product_tag-crni","12":"product_tag-elegancija","13":"product_tag-elegantan-remen","14":"product_tag-koza","15":"product_tag-kozni-proizvod","16":"product_tag-kozni-remen","17":"product_tag-kvalitetna-koza","18":"product_tag-mat","19":"product_tag-mat-crna","20":"product_tag-mat-crni","21":"product_tag-mat-crni-remen","22":"product_tag-mat-crni-remen-od-koze-francuskog-bika-4","23":"product_tag-matte-black","24":"product_tag-muski-kozni-remen","25":"product_tag-muski-remen","26":"product_tag-prirodna-koza","27":"product_tag-remen","28":"product_tag-remen-od-koze","29":"product_tag-sportska-elegancija","30":"product_tag-sportski-remen","32":"first","33":"instock","34":"shipping-taxable","35":"purchasable","36":"product-type-simple","swatches":"rey-swatches","show_selected":""},"aioseo_notices":[],"acf":[],"_links":{"self":[{"href":"https:\/\/polo-xchange.com\/en\/wp-json\/wp\/v2\/product\/1120","targetHints":{"allow":["GET"]}}],"collection":[{"href":"https:\/\/polo-xchange.com\/en\/wp-json\/wp\/v2\/product"}],"about":[{"href":"https:\/\/polo-xchange.com\/en\/wp-json\/wp\/v2\/types\/product"}],"replies":[{"embeddable":true,"href":"https:\/\/polo-xchange.com\/en\/wp-json\/wp\/v2\/comments?post=1120"}],"wp:featuredmedia":[{"embeddable":true,"href":"https:\/\/polo-xchange.com\/en\/wp-json\/wp\/v2\/media\/2405"}],"wp:attachment":[{"href":"https:\/\/polo-xchange.com\/en\/wp-json\/wp\/v2\/media?parent=1120"}],"wp:term":[{"taxonomy":"product_cat","embeddable":true,"href":"https:\/\/polo-xchange.com\/en\/wp-json\/wp\/v2\/product_cat?post=1120"},{"taxonomy":"product_tag","embeddable":true,"href":"https:\/\/polo-xchange.com\/en\/wp-json\/wp\/v2\/product_tag?post=1120"}],"curies":[{"name":"wp","href":"https:\/\/api.w.org\/{rel}","templated":true}]}}