{"id":199,"date":"2025-02-20T20:24:16","date_gmt":"2025-02-20T19:24:16","guid":{"rendered":"http:\/\/localhost\/polo\/our-story\/"},"modified":"2025-09-16T18:48:41","modified_gmt":"2025-09-16T16:48:41","slug":"our-story","status":"publish","type":"page","link":"https:\/\/polo-xchange.com\/en\/our-story\/","title":{"rendered":"Our Story"},"content":{"rendered":"<div data-elementor-type=\"wp-post\" data-elementor-id=\"199\" class=\"elementor elementor-199\">\n\t\t\t\t\t\t<section class=\"elementor-section elementor-top-section elementor-element elementor-element-b8e78cc elementor-section-boxed elementor-section-height-default elementor-section-height-default\" data-id=\"b8e78cc\" data-element_type=\"section\">\n\t\t\t\t\t\t<div class=\"elementor-container elementor-column-gap-default\">\n\t\t\t\t\t<div class=\"elementor-column elementor-col-100 elementor-top-column elementor-element elementor-element-a32f74f\" data-id=\"a32f74f\" data-element_type=\"column\">\n\t\t\t<div class=\"elementor-column-wrap--a32f74f elementor-widget-wrap elementor-element-populated\">\n\t\t\t\t\t\t<div class=\"elementor-element elementor-element-47aeaeb elementor-widget elementor-widget-image\" data-id=\"47aeaeb\" data-element_type=\"widget\" data-widget_type=\"image.default\">\n\t\t\t\t<div class=\"elementor-widget-container\">\n\t\t\t\t\t\t\t\t\t\t\t\t\t\t\t<img fetchpriority=\"high\" decoding=\"async\" width=\"1728\" height=\"665\" src=\"https:\/\/polo-xchange.com\/wp-content\/uploads\/2025\/09\/o-nama-prva.jpg\" class=\"attachment-full size-full wp-image-2028\" alt=\"\" srcset=\"https:\/\/polo-xchange.com\/wp-content\/uploads\/2025\/09\/o-nama-prva.jpg 1728w, https:\/\/polo-xchange.com\/wp-content\/uploads\/2025\/09\/o-nama-prva-300x115.jpg 300w, https:\/\/polo-xchange.com\/wp-content\/uploads\/2025\/09\/o-nama-prva-1024x394.jpg 1024w, https:\/\/polo-xchange.com\/wp-content\/uploads\/2025\/09\/o-nama-prva-768x296.jpg 768w, https:\/\/polo-xchange.com\/wp-content\/uploads\/2025\/09\/o-nama-prva-1536x591.jpg 1536w, https:\/\/polo-xchange.com\/wp-content\/uploads\/2025\/09\/o-nama-prva-600x231.jpg 600w, https:\/\/polo-xchange.com\/wp-content\/uploads\/2025\/09\/o-nama-prva-800x308.jpg 800w\" sizes=\"(max-width: 1728px) 100vw, 1728px\" \/>\t\t\t\t\t\t\t\t\t\t\t\t\t\t\t<\/div>\n\t\t\t\t<\/div>\n\t\t\t\t\t<\/div>\n\t\t<\/div>\n\t\t\t\t\t<\/div>\n\t\t<\/section>\n\t\t\t\t<section class=\"elementor-section elementor-top-section elementor-element elementor-element-7f7622e elementor-section-boxed elementor-section-height-default elementor-section-height-default\" data-id=\"7f7622e\" data-element_type=\"section\">\n\t\t\t\t\t\t<div class=\"elementor-container elementor-column-gap-default\">\n\t\t\t\t\t<div class=\"elementor-column elementor-col-50 elementor-top-column elementor-element elementor-element-48521c3\" data-id=\"48521c3\" data-element_type=\"column\">\n\t\t\t<div class=\"elementor-column-wrap--48521c3 elementor-widget-wrap elementor-element-populated\">\n\t\t\t\t\t\t<div class=\"elementor-element elementor-element-707e23a elementor-widget elementor-widget-image\" data-id=\"707e23a\" data-element_type=\"widget\" data-widget_type=\"image.default\">\n\t\t\t\t<div class=\"elementor-widget-container\">\n\t\t\t\t\t\t\t\t\t\t\t\t\t\t\t<img decoding=\"async\" width=\"400\" height=\"615\" src=\"https:\/\/polo-xchange.com\/wp-content\/uploads\/2025\/03\/badge_polo-xchange.jpg\" class=\"attachment-large size-large wp-image-677\" alt=\"\" \/>\t\t\t\t\t\t\t\t\t\t\t\t\t\t\t<\/div>\n\t\t\t\t<\/div>\n\t\t\t\t\t<\/div>\n\t\t<\/div>\n\t\t\t\t<div class=\"elementor-column elementor-col-50 elementor-top-column elementor-element elementor-element-25e289c\" data-id=\"25e289c\" data-element_type=\"column\">\n\t\t\t<div class=\"elementor-column-wrap--25e289c elementor-widget-wrap elementor-element-populated\">\n\t\t\t\t\t\t<div class=\"elementor-element elementor-element-62d648a elementor-widget elementor-widget-heading\" data-id=\"62d648a\" data-element_type=\"widget\" data-widget_type=\"heading.default\">\n\t\t\t\t<div class=\"elementor-widget-container\">\n\t\t\t\t\t<h1 class=\"elementor-heading-title elementor-size-default\">Na\u0161a pri\u010da<\/h1>\t\t\t\t<\/div>\n\t\t\t\t<\/div>\n\t\t\t\t<div class=\"elementor-element elementor-element-ea0975b elementor-widget elementor-widget-text-editor\" data-id=\"ea0975b\" data-element_type=\"widget\" data-widget_type=\"text-editor.default\">\n\t\t\t\t<div class=\"elementor-widget-container\">\n\t\t\t\t\t\t\t\t\t<p>Polo Xchange va\u0161e je pouzdano odredi\u0161te za proizvode i usluge visoke kvalitete, osmi\u0161ljene da zadovolje sve va\u0161e potrebe. Na\u0161a misija je jednostavna: pru\u017eiti vam vrhunsku kvalitetu i uslugu koja nadilazi o\u010dekivanja, u svakom trenutku i u svakoj interakciji.<\/p><p>S pa\u017enjom na detalje i posve\u0107eno\u0161\u0107u svim aspektima poslovanja, Polo Xchange isti\u010de se kao marka kojoj mo\u017eete vjerovati. Na\u0161 tim je posve\u0107en stalnom pobolj\u0161anju, kako bismo vam pru\u017eili proizvode i usluge koji ne samo da ispunjavaju, ve\u0107 i nadma\u0161uju va\u0161a o\u010dekivanja.<\/p>\t\t\t\t\t\t\t\t<\/div>\n\t\t\t\t<\/div>\n\t\t\t\t\t<\/div>\n\t\t<\/div>\n\t\t\t\t\t<\/div>\n\t\t<\/section>\n\t\t\t\t<section class=\"elementor-section elementor-top-section elementor-element elementor-element-50fa0c1 elementor-section-boxed elementor-section-height-default elementor-section-height-default\" data-id=\"50fa0c1\" data-element_type=\"section\">\n\t\t\t\t\t\t<div class=\"elementor-container elementor-column-gap-default\">\n\t\t\t\t\t<div class=\"elementor-column elementor-col-100 elementor-top-column elementor-element elementor-element-73d53f4\" data-id=\"73d53f4\" data-element_type=\"column\">\n\t\t\t<div class=\"elementor-column-wrap--73d53f4 elementor-widget-wrap elementor-element-populated\">\n\t\t\t\t\t\t<div class=\"elementor-element elementor-element-e8770b9 elementor-widget elementor-widget-image\" data-id=\"e8770b9\" data-element_type=\"widget\" data-widget_type=\"image.default\">\n\t\t\t\t<div class=\"elementor-widget-container\">\n\t\t\t\t\t\t\t\t\t\t\t\t\t\t\t<img decoding=\"async\" width=\"1399\" height=\"665\" src=\"https:\/\/polo-xchange.com\/wp-content\/uploads\/2025\/03\/o-nama-web_2.jpg\" class=\"attachment-full size-full wp-image-676\" alt=\"O nama\" srcset=\"https:\/\/polo-xchange.com\/wp-content\/uploads\/2025\/03\/o-nama-web_2.jpg 1399w, https:\/\/polo-xchange.com\/wp-content\/uploads\/2025\/03\/o-nama-web_2-600x285.jpg 600w, https:\/\/polo-xchange.com\/wp-content\/uploads\/2025\/03\/o-nama-web_2-800x380.jpg 800w\" sizes=\"(max-width: 1399px) 100vw, 1399px\" \/>\t\t\t\t\t\t\t\t\t\t\t\t\t\t\t<\/div>\n\t\t\t\t<\/div>\n\t\t\t\t\t<\/div>\n\t\t<\/div>\n\t\t\t\t\t<\/div>\n\t\t<\/section>\n\t\t\t\t<section class=\"elementor-section elementor-top-section elementor-element elementor-element-fbb1fa5 elementor-section-boxed elementor-section-height-default elementor-section-height-default\" data-id=\"fbb1fa5\" data-element_type=\"section\">\n\t\t\t\t\t\t<div class=\"elementor-container elementor-column-gap-default\">\n\t\t\t\t\t<div class=\"elementor-column elementor-col-100 elementor-top-column elementor-element elementor-element-dcd5b13\" data-id=\"dcd5b13\" data-element_type=\"column\">\n\t\t\t<div class=\"elementor-column-wrap--dcd5b13 elementor-widget-wrap elementor-element-populated\">\n\t\t\t\t\t\t<div class=\"elementor-element elementor-element-1097958 elementor-widget elementor-widget-text-editor\" data-id=\"1097958\" data-element_type=\"widget\" data-widget_type=\"text-editor.default\">\n\t\t\t\t<div class=\"elementor-widget-container\">\n\t\t\t\t\t\t\t\t\t<p>Bez obzira tra\u017eite li proizvode koji se odlikuju dugotrajnom kvalitetom ili usluge koje \u0107e vas odu\u0161eviti brzinom i precizno\u0161\u0107u, Polo Xchange je pravi izbor za vas. Na\u0161 fokus uvijek je na vama, na\u0161im korisnicima, jer vjerujemo da je va\u0161 uspjeh i zadovoljstvo na prvom mjestu.<\/p><p>S nama ulazite u svijet u kojem pouzdanost, kvaliteta i vrhunska usluga nisu samo obe\u0107anja, ve\u0107 standardi koje svakodnevno ispunjavamo.<\/p>\t\t\t\t\t\t\t\t<\/div>\n\t\t\t\t<\/div>\n\t\t\t\t\t<\/div>\n\t\t<\/div>\n\t\t\t\t\t<\/div>\n\t\t<\/section>\n\t\t\t\t<section class=\"elementor-section elementor-top-section elementor-element elementor-element-90c3ab3 elementor-section-boxed elementor-section-height-default elementor-section-height-default\" data-id=\"90c3ab3\" data-element_type=\"section\">\n\t\t\t\t\t\t<div class=\"elementor-container elementor-column-gap-default\">\n\t\t\t\t\t<div class=\"elementor-column elementor-col-50 elementor-top-column elementor-element elementor-element-35f2597\" data-id=\"35f2597\" data-element_type=\"column\">\n\t\t\t<div class=\"elementor-column-wrap--35f2597 elementor-widget-wrap elementor-element-populated\">\n\t\t\t\t\t\t<div class=\"elementor-element elementor-element-0176955 elementor-widget elementor-widget-image\" data-id=\"0176955\" data-element_type=\"widget\" data-widget_type=\"image.default\">\n\t\t\t\t<div class=\"elementor-widget-container\">\n\t\t\t\t\t\t\t\t\t\t\t\t\t\t\t<img loading=\"lazy\" decoding=\"async\" width=\"1024\" height=\"1024\" src=\"https:\/\/polo-xchange.com\/wp-content\/uploads\/2025\/09\/o-nama-remen_izrada-1024x1024.jpg\" class=\"attachment-large size-large wp-image-2029\" alt=\"\" srcset=\"https:\/\/polo-xchange.com\/wp-content\/uploads\/2025\/09\/o-nama-remen_izrada-1024x1024.jpg 1024w, https:\/\/polo-xchange.com\/wp-content\/uploads\/2025\/09\/o-nama-remen_izrada-300x300.jpg 300w, https:\/\/polo-xchange.com\/wp-content\/uploads\/2025\/09\/o-nama-remen_izrada-150x150.jpg 150w, https:\/\/polo-xchange.com\/wp-content\/uploads\/2025\/09\/o-nama-remen_izrada-768x768.jpg 768w, https:\/\/polo-xchange.com\/wp-content\/uploads\/2025\/09\/o-nama-remen_izrada-600x600.jpg 600w, https:\/\/polo-xchange.com\/wp-content\/uploads\/2025\/09\/o-nama-remen_izrada-800x800.jpg 800w, https:\/\/polo-xchange.com\/wp-content\/uploads\/2025\/09\/o-nama-remen_izrada-100x100.jpg 100w, https:\/\/polo-xchange.com\/wp-content\/uploads\/2025\/09\/o-nama-remen_izrada.jpg 1500w\" sizes=\"(max-width: 1024px) 100vw, 1024px\" \/>\t\t\t\t\t\t\t\t\t\t\t\t\t\t\t<\/div>\n\t\t\t\t<\/div>\n\t\t\t\t\t<\/div>\n\t\t<\/div>\n\t\t\t\t<div class=\"elementor-column elementor-col-50 elementor-top-column elementor-element elementor-element-3882532\" data-id=\"3882532\" data-element_type=\"column\">\n\t\t\t<div class=\"elementor-column-wrap--3882532 elementor-widget-wrap elementor-element-populated\">\n\t\t\t\t\t\t<div class=\"elementor-element elementor-element-37d68e2 elementor-widget elementor-widget-text-editor\" data-id=\"37d68e2\" data-element_type=\"widget\" data-widget_type=\"text-editor.default\">\n\t\t\t\t<div class=\"elementor-widget-container\">\n\t\t\t\t\t\t\t\t\t<p class=\"\" data-start=\"113\" data-end=\"309\">Dobrodo\u0161li u na\u0161 obiteljski webshop, gdje tradicija susre\u0107e vrhunsku izradu. Specijalizirani smo za <strong data-start=\"213\" data-end=\"270\">mu\u0161ke torbice, remene i druge proizvode od prave ko\u017ee<\/strong>, ru\u010dno izra\u0111ene s pa\u017enjom i stra\u0161\u0107u.<\/p><h3 class=\"\" data-start=\"311\" data-end=\"351\"><strong data-start=\"315\" data-end=\"349\">Za\u0161to odabrati na\u0161e proizvode?<\/strong><\/h3><p class=\"\" data-start=\"352\" data-end=\"608\">\u2714 <strong data-start=\"354\" data-end=\"387\">Prava ko\u017ea vrhunske kvalitete<\/strong> \u2013 Dugotrajna i elegantna.<br data-start=\"413\" data-end=\"416\" \/>\u2714 <strong data-start=\"418\" data-end=\"434\">Ru\u010dna izrada<\/strong> \u2013 Svaki komad je jedinstven.<br data-start=\"463\" data-end=\"466\" \/>\u2714 <strong data-start=\"468\" data-end=\"489\">Obiteljski biznis<\/strong> \u2013 S ljubavlju i pa\u017enjom prema svakom detalju.<br data-start=\"535\" data-end=\"538\" \/>\u2714 <strong data-start=\"540\" data-end=\"563\">Bezvremenski dizajn<\/strong> \u2013 Savr\u0161en spoj tradicije i modernog stila.<\/p><p class=\"\" data-start=\"610\" data-end=\"756\">Bilo da tra\u017eite <strong data-start=\"626\" data-end=\"651\">izdr\u017eljiv ko\u017eni remen<\/strong>, <strong data-start=\"653\" data-end=\"674\">prakti\u010dnu torbicu<\/strong> ili <strong data-start=\"679\" data-end=\"697\">poseban poklon<\/strong>, kod nas \u0107ete prona\u0107i vrhunsku kvalitetu i autenti\u010dnost.<\/p>\t\t\t\t\t\t\t\t<\/div>\n\t\t\t\t<\/div>\n\t\t\t\t\t<\/div>\n\t\t<\/div>\n\t\t\t\t\t<\/div>\n\t\t<\/section>\n\t\t\t\t<\/div>","protected":false},"excerpt":{"rendered":"<p>Na\u0161a pri\u010da Polo Xchange va\u0161e je pouzdano odredi\u0161te za proizvode i usluge visoke kvalitete, osmi\u0161ljene da zadovolje sve va\u0161e potrebe. Na\u0161a misija je jednostavna: pru\u017eiti vam vrhunsku kvalitetu i uslugu koja nadilazi o\u010dekivanja, u svakom trenutku i u svakoj interakciji. S pa\u017enjom na detalje i posve\u0107eno\u0161\u0107u svim aspektima poslovanja, Polo Xchange isti\u010de se kao marka [&hellip;]<\/p>","protected":false},"author":1,"featured_media":0,"parent":0,"menu_order":0,"comment_status":"closed","ping_status":"closed","template":"template-builder.php","meta":{"_acf_changed":false,"footnotes":""},"class_list":["post-199","page","type-page","status-publish","hentry"],"aioseo_notices":[],"acf":[],"_links":{"self":[{"href":"https:\/\/polo-xchange.com\/en\/wp-json\/wp\/v2\/pages\/199","targetHints":{"allow":["GET"]}}],"collection":[{"href":"https:\/\/polo-xchange.com\/en\/wp-json\/wp\/v2\/pages"}],"about":[{"href":"https:\/\/polo-xchange.com\/en\/wp-json\/wp\/v2\/types\/page"}],"author":[{"embeddable":true,"href":"https:\/\/polo-xchange.com\/en\/wp-json\/wp\/v2\/users\/1"}],"replies":[{"embeddable":true,"href":"https:\/\/polo-xchange.com\/en\/wp-json\/wp\/v2\/comments?post=199"}],"version-history":[{"count":4,"href":"https:\/\/polo-xchange.com\/en\/wp-json\/wp\/v2\/pages\/199\/revisions"}],"predecessor-version":[{"id":2032,"href":"https:\/\/polo-xchange.com\/en\/wp-json\/wp\/v2\/pages\/199\/revisions\/2032"}],"wp:attachment":[{"href":"https:\/\/polo-xchange.com\/en\/wp-json\/wp\/v2\/media?parent=199"}],"curies":[{"name":"wp","href":"https:\/\/api.w.org\/{rel}","templated":true}]}}