{"id":198,"date":"2025-02-23T04:38:57","date_gmt":"2025-02-23T03:38:57","guid":{"rendered":"http:\/\/localhost\/polo\/contact\/"},"modified":"2025-09-24T15:30:21","modified_gmt":"2025-09-24T13:30:21","slug":"contact","status":"publish","type":"page","link":"https:\/\/polo-xchange.com\/en\/contact\/","title":{"rendered":"Contact"},"content":{"rendered":"<div data-elementor-type=\"wp-post\" data-elementor-id=\"198\" class=\"elementor elementor-198\">\n\t\t\t\t\t\t<section class=\"elementor-section elementor-top-section elementor-element elementor-element-eb1a97a elementor-section-boxed elementor-section-height-default elementor-section-height-default\" data-id=\"eb1a97a\" data-element_type=\"section\">\n\t\t\t\t\t\t<div class=\"elementor-container elementor-column-gap-default\">\n\t\t\t\t\t<div class=\"elementor-column elementor-col-100 elementor-top-column elementor-element elementor-element-de0fe84\" data-id=\"de0fe84\" data-element_type=\"column\">\n\t\t\t<div class=\"elementor-column-wrap--de0fe84 elementor-widget-wrap elementor-element-populated\">\n\t\t\t\t\t\t<div class=\"elementor-element elementor-element-7dc6589 elementor-widget elementor-widget-heading\" data-id=\"7dc6589\" data-element_type=\"widget\" data-widget_type=\"heading.default\">\n\t\t\t\t<div class=\"elementor-widget-container\">\n\t\t\t\t\t<h2 class=\"elementor-heading-title elementor-size-default\">Javite nam se!<\/h2>\t\t\t\t<\/div>\n\t\t\t\t<\/div>\n\t\t\t\t\t<\/div>\n\t\t<\/div>\n\t\t\t\t\t<\/div>\n\t\t<\/section>\n\t\t\t\t<section class=\"elementor-section elementor-top-section elementor-element elementor-element-5f613e0 elementor-section-boxed elementor-section-height-default elementor-section-height-default\" data-id=\"5f613e0\" data-element_type=\"section\">\n\t\t\t\t\t\t<div class=\"elementor-container elementor-column-gap-default\">\n\t\t\t\t\t<div class=\"elementor-column elementor-col-100 elementor-top-column elementor-element elementor-element-f8aa51d\" data-id=\"f8aa51d\" data-element_type=\"column\">\n\t\t\t<div class=\"elementor-column-wrap--f8aa51d elementor-widget-wrap elementor-element-populated\">\n\t\t\t\t\t\t<div class=\"elementor-element elementor-element-42cc25c elementor-widget elementor-widget-google_maps\" data-id=\"42cc25c\" data-element_type=\"widget\" data-widget_type=\"google_maps.default\">\n\t\t\t\t<div class=\"elementor-widget-container\">\n\t\t\t\t\t\t\t<div class=\"elementor-custom-embed\">\n\t\t\t<iframe loading=\"lazy\"\n\t\t\t\t\tsrc=\"https:\/\/maps.google.com\/maps?q=novoselska%2063%2C%20zagreb&#038;t=m&#038;z=14&#038;output=embed&#038;iwloc=near\"\n\t\t\t\t\ttitle=\"novoselska 63, zagreb\"\n\t\t\t\t\taria-label=\"novoselska 63, zagreb\"\n\t\t\t><\/iframe>\n\t\t<\/div>\n\t\t\t\t\t\t<\/div>\n\t\t\t\t<\/div>\n\t\t\t\t\t<\/div>\n\t\t<\/div>\n\t\t\t\t\t<\/div>\n\t\t<\/section>\n\t\t\t\t<section class=\"elementor-section elementor-top-section elementor-element elementor-element-0402a39 elementor-section-boxed elementor-section-height-default elementor-section-height-default\" data-id=\"0402a39\" data-element_type=\"section\">\n\t\t\t\t\t\t<div class=\"elementor-container elementor-column-gap-default\">\n\t\t\t\t\t<div class=\"elementor-column elementor-col-50 elementor-top-column elementor-element elementor-element-716b640\" data-id=\"716b640\" data-element_type=\"column\">\n\t\t\t<div class=\"elementor-column-wrap--716b640 elementor-widget-wrap elementor-element-populated\">\n\t\t\t\t\t\t<div class=\"elementor-element elementor-element-d8348ac elementor-widget elementor-widget-heading\" data-id=\"d8348ac\" data-element_type=\"widget\" data-widget_type=\"heading.default\">\n\t\t\t\t<div class=\"elementor-widget-container\">\n\t\t\t\t\t<h2 class=\"elementor-heading-title elementor-size-default\">Mo\u017eemo li Vam pomo\u0107i?<\/h2>\t\t\t\t<\/div>\n\t\t\t\t<\/div>\n\t\t\t\t<div class=\"elementor-element elementor-element-13efdd9 elementor-widget elementor-widget-text-editor\" data-id=\"13efdd9\" data-element_type=\"widget\" data-widget_type=\"text-editor.default\">\n\t\t\t\t<div class=\"elementor-widget-container\">\n\t\t\t\t\t\t\t\t\t<p>Na\u0161 je tim pa\u017eljivo odabran zbog razumijevanja materijala, procesa i strasti prema modi. Bilo da pregledavate na\u0161u stranicu ili posje\u0107ujete na\u0161u trgovinu, uvijek smo voljni podijeliti na\u0161e duboko znanje i razumijevanje na\u0161ih proizvo\u0111a\u010da i njihovog zanata.<\/p><p>Naj\u010de\u0161\u0107a pitanja pokrivena su u na\u0161im \u010desto postavljanim pitanjima. Ako imate bilo kakvih specifi\u010dnih pitanja, nemojte se ustru\u010davati kontaktirati nas ispunjavanjem ovog obrasca ili pozivom na\u0161em timu za korisni\u010dku podr\u0161ku na +385 95 505 7990.<\/p>\t\t\t\t\t\t\t\t<\/div>\n\t\t\t\t<\/div>\n\t\t\t\t\t<\/div>\n\t\t<\/div>\n\t\t\t\t<div class=\"elementor-column elementor-col-50 elementor-top-column elementor-element elementor-element-be43777\" data-id=\"be43777\" data-element_type=\"column\">\n\t\t\t<div class=\"elementor-column-wrap--be43777 elementor-widget-wrap elementor-element-populated\">\n\t\t\t\t\t\t<div class=\"elementor-element elementor-element-ed4b12a elementor-align-center elementor-widget elementor-widget-reycore-header-logo\" data-id=\"ed4b12a\" data-element_type=\"widget\" data-widget_type=\"reycore-header-logo.default\">\n\t\t\t\t<div class=\"elementor-widget-container\">\n\t\t\t\t\t\n<div class=\"rey-logoWrapper\">\n\n\t\n        <div class=\"rey-siteLogo\">\n\t\t\t<a href=\"https:\/\/polo-xchange.com\/en\/\" data-no-lazy=\"1\" data-skip-lazy=\"1\" class=\"no-lazy custom-logo-link\" rel=\"home\" itemprop=\"url\"><img fetchpriority=\"high\" decoding=\"async\" width=\"1116\" height=\"566\" src=\"https:\/\/polo-xchange.com\/wp-content\/uploads\/2025\/02\/PX_logo_crni.png\" data-no-lazy=\"1\" data-skip-lazy=\"1\" class=\"no-lazy custom-logo\" alt=\"POLO XCHANGE - Kvaliteta koja se prepoznaje\" loading=\"eager\" data-el-overrides=\"logo,logo_mobile\" srcset=\"https:\/\/polo-xchange.com\/wp-content\/uploads\/2025\/02\/PX_logo_crni.png 1116w, https:\/\/polo-xchange.com\/wp-content\/uploads\/2025\/02\/PX_logo_crni-600x304.png 600w, https:\/\/polo-xchange.com\/wp-content\/uploads\/2025\/02\/PX_logo_crni-800x406.png 800w\" sizes=\"(max-width: 1116px) 100vw, 1116px\" \/><img decoding=\"async\" width=\"1116\" height=\"566\" src=\"https:\/\/polo-xchange.com\/wp-content\/uploads\/2025\/02\/PX_logo_crni.png\" data-no-lazy=\"1\" data-skip-lazy=\"1\" class=\"no-lazy rey-mobileLogo\" alt=\"POLO XCHANGE - Kvaliteta koja se prepoznaje\" srcset=\"https:\/\/polo-xchange.com\/wp-content\/uploads\/2025\/02\/PX_logo_crni.png 1116w, https:\/\/polo-xchange.com\/wp-content\/uploads\/2025\/02\/PX_logo_crni-600x304.png 600w, https:\/\/polo-xchange.com\/wp-content\/uploads\/2025\/02\/PX_logo_crni-800x406.png 800w\" sizes=\"(max-width: 1116px) 100vw, 1116px\" \/><\/a>\t\t<\/div>\n\n    <\/div>\n<!-- .rey-logoWrapper -->\n\t\t\t\t<\/div>\n\t\t\t\t<\/div>\n\t\t\t\t\t<\/div>\n\t\t<\/div>\n\t\t\t\t\t<\/div>\n\t\t<\/section>\n\t\t\t\t<section class=\"elementor-section elementor-top-section elementor-element elementor-element-4afbfca elementor-section-content-top elementor-section-boxed elementor-section-height-default elementor-section-height-default\" data-id=\"4afbfca\" data-element_type=\"section\">\n\t\t\t\t\t\t<div class=\"elementor-container elementor-column-gap-wide\">\n\t\t\t\t\t<div class=\"elementor-column elementor-col-50 elementor-top-column elementor-element elementor-element-b60ee16\" data-id=\"b60ee16\" data-element_type=\"column\">\n\t\t\t<div class=\"elementor-column-wrap--b60ee16 elementor-widget-wrap elementor-element-populated\">\n\t\t\t\t\t\t<div class=\"elementor-element elementor-element-dce6aa0 elementor-widget elementor-widget-reycore-cf7\" data-id=\"dce6aa0\" data-element_type=\"widget\" data-widget_type=\"reycore-cf7.default\">\n\t\t\t\t<div class=\"elementor-widget-container\">\n\t\t\t\t\t\t\t<div class=\"rey-element rey-cf7\">\n\t\t\t\n<div class=\"wpcf7 no-js\" id=\"wpcf7-f664-o1\" lang=\"hr\" dir=\"ltr\" data-wpcf7-id=\"664\">\n<div class=\"screen-reader-response\"><p role=\"status\" aria-live=\"polite\" aria-atomic=\"true\"><\/p> <ul><\/ul><\/div>\n<form action=\"\/en\/wp-json\/wp\/v2\/pages\/198#wpcf7-f664-o1\" method=\"post\" class=\"wpcf7-form init rey-cf7--basic\" aria-label=\"Contact form\" novalidate=\"novalidate\" data-status=\"init\" data-trp-original-action=\"\/en\/wp-json\/wp\/v2\/pages\/198#wpcf7-f664-o1\">\n<fieldset class=\"hidden-fields-container\"><input type=\"hidden\" name=\"_wpcf7\" value=\"664\" \/><input type=\"hidden\" name=\"_wpcf7_version\" value=\"6.1.3\" \/><input type=\"hidden\" name=\"_wpcf7_locale\" value=\"hr\" \/><input type=\"hidden\" name=\"_wpcf7_unit_tag\" value=\"wpcf7-f664-o1\" \/><input type=\"hidden\" name=\"_wpcf7_container_post\" value=\"0\" \/><input type=\"hidden\" name=\"_wpcf7_posted_data_hash\" value=\"\" \/>\n<\/fieldset>\n<p><label> Va\u0161e ime<br \/>\n<span class=\"wpcf7-form-control-wrap\" data-name=\"your-name\"><input size=\"40\" maxlength=\"400\" class=\"wpcf7-form-control wpcf7-text wpcf7-validates-as-required\" autocomplete=\"name\" aria-required=\"true\" aria-invalid=\"false\" value=\"\" type=\"text\" name=\"your-name\" \/><\/span> <\/label>\n<\/p>\n<p><label> Va\u0161a e-po\u0161ta<br \/>\n<span class=\"wpcf7-form-control-wrap\" data-name=\"your-email\"><input size=\"40\" maxlength=\"400\" class=\"wpcf7-form-control wpcf7-email wpcf7-validates-as-required wpcf7-text wpcf7-validates-as-email\" autocomplete=\"email\" aria-required=\"true\" aria-invalid=\"false\" value=\"\" type=\"email\" name=\"your-email\" \/><\/span> <\/label>\n<\/p>\n<p><label> Predmet<br \/>\n<span class=\"wpcf7-form-control-wrap\" data-name=\"your-subject\"><input size=\"40\" maxlength=\"400\" class=\"wpcf7-form-control wpcf7-text wpcf7-validates-as-required\" aria-required=\"true\" aria-invalid=\"false\" value=\"\" type=\"text\" name=\"your-subject\" \/><\/span> <\/label>\n<\/p>\n<p><label> Va\u0161a poruka (opcionalno)<br \/>\n<span class=\"wpcf7-form-control-wrap\" data-name=\"your-message\"><textarea cols=\"40\" rows=\"10\" maxlength=\"2000\" class=\"wpcf7-form-control wpcf7-textarea\" aria-invalid=\"false\" name=\"your-message\"><\/textarea><\/span> <\/label>\n<\/p>\n<p><input class=\"wpcf7-form-control wpcf7-submit has-spinner\" type=\"submit\" value=\"Po\u0161alji\" \/>\n<\/p><p style=\"display: none !important;\" class=\"akismet-fields-container\" data-prefix=\"_wpcf7_ak_\"><label>&#916;<textarea name=\"_wpcf7_ak_hp_textarea\" cols=\"45\" rows=\"8\" maxlength=\"100\"><\/textarea><\/label><input type=\"hidden\" id=\"ak_js_1\" name=\"_wpcf7_ak_js\" value=\"124\"\/><script>document.getElementById( \"ak_js_1\" ).setAttribute( \"value\", ( new Date() ).getTime() );<\/script><\/p><div class=\"wpcf7-response-output\" aria-hidden=\"true\"><\/div>\n<input type=\"hidden\" name=\"trp-form-language\" value=\"en\"\/><\/form>\n<\/div>\n\t\t<\/div>\n\t\t\t\t\t\t<\/div>\n\t\t\t\t<\/div>\n\t\t\t\t\t<\/div>\n\t\t<\/div>\n\t\t\t\t<div class=\"elementor-column elementor-col-50 elementor-top-column elementor-element elementor-element-20859d0 rey-colbg--classic\" data-id=\"20859d0\" data-element_type=\"column\" data-settings=\"{&quot;background_background&quot;:&quot;classic&quot;}\">\n\t\t\t<div class=\"elementor-column-wrap--20859d0 elementor-widget-wrap elementor-element-populated\">\n\t\t\t\t\t\t<div class=\"elementor-element elementor-element-44e7cb7 elementor-widget elementor-widget-heading\" data-id=\"44e7cb7\" data-element_type=\"widget\" data-widget_type=\"heading.default\">\n\t\t\t\t<div class=\"elementor-widget-container\">\n\t\t\t\t\t<h3 class=\"elementor-heading-title elementor-size-small\">ADRESA<\/h3>\t\t\t\t<\/div>\n\t\t\t\t<\/div>\n\t\t\t\t<div class=\"elementor-element elementor-element-c5db029 elementor-widget elementor-widget-text-editor\" data-id=\"c5db029\" data-element_type=\"widget\" data-widget_type=\"text-editor.default\">\n\t\t\t\t<div class=\"elementor-widget-container\">\n\t\t\t\t\t\t\t\t\t<p>Novoselska 63,<br \/>10040 Zagreb &#8211; Dubrava<\/p>\t\t\t\t\t\t\t\t<\/div>\n\t\t\t\t<\/div>\n\t\t\t\t<div class=\"elementor-element elementor-element-e49346e elementor-widget elementor-widget-heading\" data-id=\"e49346e\" data-element_type=\"widget\" data-widget_type=\"heading.default\">\n\t\t\t\t<div class=\"elementor-widget-container\">\n\t\t\t\t\t<h3 class=\"elementor-heading-title elementor-size-small\">RADNO VRIJEME<\/h3>\t\t\t\t<\/div>\n\t\t\t\t<\/div>\n\t\t\t\t<div class=\"elementor-element elementor-element-dfc172c elementor-widget elementor-widget-text-editor\" data-id=\"dfc172c\" data-element_type=\"widget\" data-widget_type=\"text-editor.default\">\n\t\t\t\t<div class=\"elementor-widget-container\">\n\t\t\t\t\t\t\t\t\t<p>Pon &#8211; Sub<br \/>08 am &#8211; 5 pm<\/p>\t\t\t\t\t\t\t\t<\/div>\n\t\t\t\t<\/div>\n\t\t\t\t<div class=\"elementor-element elementor-element-e3cd049 elementor-widget elementor-widget-heading\" data-id=\"e3cd049\" data-element_type=\"widget\" data-widget_type=\"heading.default\">\n\t\t\t\t<div class=\"elementor-widget-container\">\n\t\t\t\t\t<h3 class=\"elementor-heading-title elementor-size-small\">TELEFON<\/h3>\t\t\t\t<\/div>\n\t\t\t\t<\/div>\n\t\t\t\t<div class=\"elementor-element elementor-element-d90fecc elementor-widget elementor-widget-text-editor\" data-id=\"d90fecc\" data-element_type=\"widget\" data-widget_type=\"text-editor.default\">\n\t\t\t\t<div class=\"elementor-widget-container\">\n\t\t\t\t\t\t\t\t\t<p><a href=\"tel:012921364\">01 2921 364<\/a><\/p><p><a href=\"tel:0955057990\">095 505 7990<\/a><\/p>\t\t\t\t\t\t\t\t<\/div>\n\t\t\t\t<\/div>\n\t\t\t\t<div class=\"elementor-element elementor-element-6c4a06d elementor-widget elementor-widget-heading\" data-id=\"6c4a06d\" data-element_type=\"widget\" data-widget_type=\"heading.default\">\n\t\t\t\t<div class=\"elementor-widget-container\">\n\t\t\t\t\t<h3 class=\"elementor-heading-title elementor-size-small\">EMAIL<\/h3>\t\t\t\t<\/div>\n\t\t\t\t<\/div>\n\t\t\t\t<div class=\"elementor-element elementor-element-15107c9 elementor-widget elementor-widget-text-editor\" data-id=\"15107c9\" data-element_type=\"widget\" data-widget_type=\"text-editor.default\">\n\t\t\t\t<div class=\"elementor-widget-container\">\n\t\t\t\t\t\t\t\t\t<p><a href=\"mailto:web@polo-xchange.com\">web@polo-xchange.com<\/a><\/p>\t\t\t\t\t\t\t\t<\/div>\n\t\t\t\t<\/div>\n\t\t\t\t\t<\/div>\n\t\t<\/div>\n\t\t\t\t\t<\/div>\n\t\t<\/section>\n\t\t\t\t<\/div>","protected":false},"excerpt":{"rendered":"<p>Javite nam se! Mo\u017eemo li Vam pomo\u0107i? Na\u0161 je tim pa\u017eljivo odabran zbog razumijevanja materijala, procesa i strasti prema modi. Bilo da pregledavate na\u0161u stranicu ili posje\u0107ujete na\u0161u trgovinu, uvijek smo voljni podijeliti na\u0161e duboko znanje i razumijevanje na\u0161ih proizvo\u0111a\u010da i njihovog zanata. Naj\u010de\u0161\u0107a pitanja pokrivena su u na\u0161im \u010desto postavljanim pitanjima. Ako imate bilo [&hellip;]<\/p>","protected":false},"author":1,"featured_media":0,"parent":0,"menu_order":0,"comment_status":"closed","ping_status":"closed","template":"template-builder.php","meta":{"_acf_changed":false,"footnotes":""},"class_list":["post-198","page","type-page","status-publish","hentry"],"aioseo_notices":[],"acf":[],"_links":{"self":[{"href":"https:\/\/polo-xchange.com\/en\/wp-json\/wp\/v2\/pages\/198","targetHints":{"allow":["GET"]}}],"collection":[{"href":"https:\/\/polo-xchange.com\/en\/wp-json\/wp\/v2\/pages"}],"about":[{"href":"https:\/\/polo-xchange.com\/en\/wp-json\/wp\/v2\/types\/page"}],"author":[{"embeddable":true,"href":"https:\/\/polo-xchange.com\/en\/wp-json\/wp\/v2\/users\/1"}],"replies":[{"embeddable":true,"href":"https:\/\/polo-xchange.com\/en\/wp-json\/wp\/v2\/comments?post=198"}],"version-history":[{"count":6,"href":"https:\/\/polo-xchange.com\/en\/wp-json\/wp\/v2\/pages\/198\/revisions"}],"predecessor-version":[{"id":2133,"href":"https:\/\/polo-xchange.com\/en\/wp-json\/wp\/v2\/pages\/198\/revisions\/2133"}],"wp:attachment":[{"href":"https:\/\/polo-xchange.com\/en\/wp-json\/wp\/v2\/media?parent=198"}],"curies":[{"name":"wp","href":"https:\/\/api.w.org\/{rel}","templated":true}]}}