{"id":1957,"date":"2025-09-15T19:18:15","date_gmt":"2025-09-15T17:18:15","guid":{"rendered":"https:\/\/polo-xchange.com\/?page_id=1957"},"modified":"2025-09-16T17:32:19","modified_gmt":"2025-09-16T15:32:19","slug":"dostava","status":"publish","type":"page","link":"https:\/\/polo-xchange.com\/en\/dostava\/","title":{"rendered":"Dostava"},"content":{"rendered":"<p>Dostava<br>Naru\u010deni proizvodi dostavljaju se do ulaza u stambeni objekt i ako je mogu\u0107e do samih vrata. Ako se radi o stambenoj zgradi, dostavlja\u010d nije obvezan nositi proizvode do kata na kojem se nalazi kupac, ve\u0107 do ulaza u zgradu. Prilaz ulazu mora biti slobodan, u suprotnom dostava se vr\u0161i do najbli\u017ee to\u010dke na kojoj je istovar mogu\u0107. Dostava se obavlja na podru\u010dju cijele Hrvatske. Proizvodi se \u0161alju putem prijevozni\u010dke tvrtke GLS ili Box Now. Cijena dostave je 6 Eur, a za kupovinu iznad 60.00 Eur dostava je besplatna. U slu\u010daju opcije pla\u0107anja pouze\u0107em napla\u0107uje se iznos od 1.00 Eur za potrebe administrativnih tro\u0161kova. U cijenu je ve\u0107 ura\u010dunat PDV 25%.<\/p>\n\n\n\n<p>Box Now<br>Naru\u010deni proizvodi dostavljaju se do paketomata BoxNow odabran kod kupovine proizvoda. Cijena dostave do paketomata iznosi 4 Eur.<\/p>\n\n\n\n<p>Rok isporuke<br>Okvirni je rok isporuke od 3 do 10 radnih dana, osim proizvoda za koje je kupac posebno obavije\u0161ten o roku isporuke. Dostava na kopnu je od 3 do 5 radnih dana, dostava na otoke najvi\u0161e 10 radnih dana, ovisno o rasporedu vo\u017enje trajekata. Rok po\u010dinje od trenutka kad internet trgovina zaprimi uplatu na \u017eiro ra\u010dunu. Subote i nedjelje ne ra\u010dunaju se u rok dostave. Dostava ne podrazumijeva monta\u017eu i ugradnju naru\u010denih artikala.<\/p>\n\n\n\n<p>Dostava se obavlja od 8 do 16h radnim danom.<\/p>\n\n\n\n<p>Kako bi osigurali kvalitetniju komunikaciju izme\u0111u kupca i dostavlja\u010da, djelatnici internet trgovine dostavnim slu\u017ebama daju i telefonski broj koji je kupac naveo prilikom registracije.<\/p>\n\n\n\n<p>Ostali uvjeti dostave<br>Proizvodi \u0107e biti zapakirani tako da se uobi\u010dajenom manipulacijom u transportu ne mogu o\u0161tetiti. Kupac je du\u017ean prilikom preuzimanja proizvoda provjeriti eventualna o\u0161te\u0107enja i odmah ih reklamirati dostavnom radniku koji je robu isporu\u010dio, odnosno odbiti preuzeti po\u0161iljku na kojoj su vidljiva vanjska o\u0161te\u0107enja. Roba je osigurana od gubitka i o\u0161te\u0107enja u dostavi. Kupac je obvezan prilikom preuzimanja robe potpisati otpremnicu te je dostavlja\u010d uzima kao potvrdu o preuzimanju.<\/p>\n\n\n\n<p>Ako kupac, nakon \u0161to je roba poslana, u o\u010dekivanom vremenu ne primi robu ili obavijest o isporuci, ima pravo o tome obavijestiti trgovca kako bi se poduzelo tra\u017eenje po\u0161iljke ili kako bi se poslala zamjenska po\u0161iljka.<\/p>\n\n\n\n<p>U slu\u010daju ka\u0161njenja zbog vi\u0161e sile (izgubljeni proizvodi, o\u0161te\u0107eni proizvodi u dostavi u distribucijskom centru partnera, koje je isti vratio internet trgovini Polo Xchange bez isporuke kupcu i sl.) Internet trgovina Polo Xchange ne preuzima odgovornost na \u201cprvi rizik\u201c i obvezuje se poslati novi proizvod u najkra\u0107em roku.<\/p>","protected":false},"excerpt":{"rendered":"<p>DostavaNaru\u010deni proizvodi dostavljaju se do ulaza u stambeni objekt i ako je mogu\u0107e do samih vrata. Ako se radi o stambenoj zgradi, dostavlja\u010d nije obvezan nositi proizvode do kata na kojem se nalazi kupac, ve\u0107 do ulaza u zgradu. Prilaz ulazu mora biti slobodan, u suprotnom dostava se vr\u0161i do najbli\u017ee to\u010dke na kojoj je [&hellip;]<\/p>","protected":false},"author":1,"featured_media":0,"parent":0,"menu_order":0,"comment_status":"closed","ping_status":"closed","template":"","meta":{"_acf_changed":false,"footnotes":""},"class_list":["post-1957","page","type-page","status-publish","hentry"],"aioseo_notices":[],"acf":[],"_links":{"self":[{"href":"https:\/\/polo-xchange.com\/en\/wp-json\/wp\/v2\/pages\/1957","targetHints":{"allow":["GET"]}}],"collection":[{"href":"https:\/\/polo-xchange.com\/en\/wp-json\/wp\/v2\/pages"}],"about":[{"href":"https:\/\/polo-xchange.com\/en\/wp-json\/wp\/v2\/types\/page"}],"author":[{"embeddable":true,"href":"https:\/\/polo-xchange.com\/en\/wp-json\/wp\/v2\/users\/1"}],"replies":[{"embeddable":true,"href":"https:\/\/polo-xchange.com\/en\/wp-json\/wp\/v2\/comments?post=1957"}],"version-history":[{"count":2,"href":"https:\/\/polo-xchange.com\/en\/wp-json\/wp\/v2\/pages\/1957\/revisions"}],"predecessor-version":[{"id":2003,"href":"https:\/\/polo-xchange.com\/en\/wp-json\/wp\/v2\/pages\/1957\/revisions\/2003"}],"wp:attachment":[{"href":"https:\/\/polo-xchange.com\/en\/wp-json\/wp\/v2\/media?parent=1957"}],"curies":[{"name":"wp","href":"https:\/\/api.w.org\/{rel}","templated":true}]}}